{"id":1587,"date":"2026-05-05T14:23:28","date_gmt":"2026-05-05T14:23:28","guid":{"rendered":"https:\/\/michelloutletshopping.com\/product\/elegance-midi-sukne-s-paskem\/"},"modified":"2026-05-05T14:23:28","modified_gmt":"2026-05-05T14:23:28","slug":"elegance-midi-sukne-s-paskem","status":"publish","type":"product","link":"https:\/\/michelloutletshopping.com\/cs\/produkt\/elegance-midi-sukne-s-paskem\/","title":{"rendered":"Elegance Midi sukn\u011b s p\u00e1skem"},"content":{"rendered":"<p class=\"p1\">Midi sukn\u011b s vysok\u00fdm pasem a p\u00e1skem, kter\u00e1 m\u00e1 plynulou a elegantn\u00ed siluetu. Design obsahuje m\u011bkk\u00e9 z\u00e1hyby, kter\u00e9 vytv\u00e1\u0159ej\u00ed pohyb a zv\u00fdraz\u0148uj\u00ed postavu, zat\u00edmco p\u00e1sek z odpov\u00eddaj\u00edc\u00ed l\u00e1tky rafinovan\u011b vymezuje pas. Pohodln\u00fd a univerz\u00e1ln\u00ed st\u0159ih, ide\u00e1ln\u00ed pro le\u017e\u00e9rn\u00ed i elegantn\u011bj\u0161\u00ed vzhled. Ide\u00e1ln\u00ed ke kombinaci s ko\u0161ilemi, topy nebo lehk\u00fdmi \u00faplety pro uhlazen\u00fd outfit.   <\/p>\n","protected":false},"excerpt":{"rendered":"<p>Midi sukn\u011b s vysok\u00fdm pasem a p\u00e1skem, kter\u00e1 m\u00e1 plynulou a elegantn\u00ed siluetu. Design obsahuje m\u011bkk\u00e9 z\u00e1hyby, kter\u00e9 vytv\u00e1\u0159ej\u00ed pohyb a zv\u00fdraz\u0148uj\u00ed postavu, zat\u00edmco p\u00e1sek z odpov\u00eddaj\u00edc\u00ed l\u00e1tky rafinovan\u011b vymezuje pas. Pohodln\u00fd a univerz\u00e1ln\u00ed st\u0159ih, ide\u00e1ln\u00ed pro le\u017e\u00e9rn\u00ed i elegantn\u011bj\u0161\u00ed vzhled. Ide\u00e1ln\u00ed ke kombinaci s ko\u0161ilemi, topy nebo lehk\u00fdmi \u00faplety pro uhlazen\u00fd outfit.<\/p>\n","protected":false},"featured_media":1581,"comment_status":"open","ping_status":"closed","template":"","meta":[],"product_brand":[],"product_cat":[45],"product_tag":[],"class_list":{"0":"post-1587","1":"product","2":"type-product","3":"status-publish","4":"has-post-thumbnail","6":"product_cat-sukne","8":"first","9":"instock","10":"taxable","11":"shipping-taxable","12":"purchasable","13":"product-type-variable","14":"has-default-attributes"},"jetpack_sharing_enabled":true,"_links":{"self":[{"href":"https:\/\/michelloutletshopping.com\/cs\/wp-json\/wp\/v2\/product\/1587","targetHints":{"allow":["GET"]}}],"collection":[{"href":"https:\/\/michelloutletshopping.com\/cs\/wp-json\/wp\/v2\/product"}],"about":[{"href":"https:\/\/michelloutletshopping.com\/cs\/wp-json\/wp\/v2\/types\/product"}],"replies":[{"embeddable":true,"href":"https:\/\/michelloutletshopping.com\/cs\/wp-json\/wp\/v2\/comments?post=1587"}],"wp:featuredmedia":[{"embeddable":true,"href":"https:\/\/michelloutletshopping.com\/cs\/wp-json\/wp\/v2\/media\/1581"}],"wp:attachment":[{"href":"https:\/\/michelloutletshopping.com\/cs\/wp-json\/wp\/v2\/media?parent=1587"}],"wp:term":[{"taxonomy":"product_brand","embeddable":true,"href":"https:\/\/michelloutletshopping.com\/cs\/wp-json\/wp\/v2\/product_brand?post=1587"},{"taxonomy":"product_cat","embeddable":true,"href":"https:\/\/michelloutletshopping.com\/cs\/wp-json\/wp\/v2\/product_cat?post=1587"},{"taxonomy":"product_tag","embeddable":true,"href":"https:\/\/michelloutletshopping.com\/cs\/wp-json\/wp\/v2\/product_tag?post=1587"}],"curies":[{"name":"wp","href":"https:\/\/api.w.org\/{rel}","templated":true}]}}