{"id":1832,"date":"2026-05-05T21:56:21","date_gmt":"2026-05-05T21:56:21","guid":{"rendered":"https:\/\/michelloutletshopping.com\/product\/halenka-bez-rukavu-s-masli-na-zadech\/"},"modified":"2026-05-05T21:56:21","modified_gmt":"2026-05-05T21:56:21","slug":"halenka-bez-rukavu-s-masli-na-zadech","status":"publish","type":"product","link":"https:\/\/michelloutletshopping.com\/cs\/produkt\/halenka-bez-rukavu-s-masli-na-zadech\/","title":{"rendered":"Halenka bez ruk\u00e1v\u016f s ma\u0161l\u00ed na z\u00e1dech"},"content":{"rendered":"<p class=\"p1\">D\u00e1msk\u00e1 halenka bez ruk\u00e1v\u016f s lehk\u00fdm a \u017eensk\u00fdm designem, dopln\u011bn\u00e1 o elegantn\u00ed ma\u0161li na z\u00e1dech, kter\u00e1 dod\u00e1v\u00e1 modelu jedine\u010dn\u00fd a sofistikovan\u00fd vzhled. Voln\u00fd st\u0159ih a lehk\u00fd materi\u00e1l zaji\u0161\u0165uj\u00ed pohodl\u00ed po cel\u00fd den.<\/p>\n<p class=\"p2\">Ide\u00e1ln\u00ed pro le\u017e\u00e9rn\u00ed i elegantn\u00ed outfity, skv\u011ble se kombinuje s kalhotami, sukn\u011bmi nebo \u0161ortkami s vysok\u00fdm pasem. Univerz\u00e1ln\u00ed a modern\u00ed kousek pro ka\u017edou p\u0159\u00edle\u017eitost.<\/p>\n","protected":false},"excerpt":{"rendered":"<p class=\"p1\">Lehk\u00e1 halenka bez ruk\u00e1v\u016f s elegantn\u00ed ma\u0161l\u00ed na z\u00e1dech.<\/p>\n","protected":false},"featured_media":1836,"comment_status":"open","ping_status":"closed","template":"","meta":[],"product_brand":[],"product_cat":[59],"product_tag":[],"class_list":{"0":"post-1832","1":"product","2":"type-product","3":"status-publish","4":"has-post-thumbnail","6":"product_cat-halenka","8":"first","9":"instock","10":"taxable","11":"shipping-taxable","12":"purchasable","13":"product-type-variable"},"jetpack_sharing_enabled":true,"_links":{"self":[{"href":"https:\/\/michelloutletshopping.com\/cs\/wp-json\/wp\/v2\/product\/1832","targetHints":{"allow":["GET"]}}],"collection":[{"href":"https:\/\/michelloutletshopping.com\/cs\/wp-json\/wp\/v2\/product"}],"about":[{"href":"https:\/\/michelloutletshopping.com\/cs\/wp-json\/wp\/v2\/types\/product"}],"replies":[{"embeddable":true,"href":"https:\/\/michelloutletshopping.com\/cs\/wp-json\/wp\/v2\/comments?post=1832"}],"wp:featuredmedia":[{"embeddable":true,"href":"https:\/\/michelloutletshopping.com\/cs\/wp-json\/wp\/v2\/media\/1836"}],"wp:attachment":[{"href":"https:\/\/michelloutletshopping.com\/cs\/wp-json\/wp\/v2\/media?parent=1832"}],"wp:term":[{"taxonomy":"product_brand","embeddable":true,"href":"https:\/\/michelloutletshopping.com\/cs\/wp-json\/wp\/v2\/product_brand?post=1832"},{"taxonomy":"product_cat","embeddable":true,"href":"https:\/\/michelloutletshopping.com\/cs\/wp-json\/wp\/v2\/product_cat?post=1832"},{"taxonomy":"product_tag","embeddable":true,"href":"https:\/\/michelloutletshopping.com\/cs\/wp-json\/wp\/v2\/product_tag?post=1832"}],"curies":[{"name":"wp","href":"https:\/\/api.w.org\/{rel}","templated":true}]}}