{"id":1892,"date":"2026-05-05T22:52:54","date_gmt":"2026-05-05T22:52:54","guid":{"rendered":"https:\/\/michelloutletshopping.com\/product\/lehke-volne-tilko\/"},"modified":"2026-05-05T22:52:54","modified_gmt":"2026-05-05T22:52:54","slug":"lehke-volne-tilko","status":"publish","type":"product","link":"https:\/\/michelloutletshopping.com\/cs\/produkt\/lehke-volne-tilko\/","title":{"rendered":"Lehk\u00e9 voln\u00e9 t\u00edlko"},"content":{"rendered":"<p class=\"p1\">Lehk\u00e9 t\u00edlko s voln\u00fdm st\u0159ihem, ide\u00e1ln\u00ed pro sv\u011b\u017e\u00ed a pohodln\u00fd vzhled b\u011bhem teplej\u0161\u00edch dn\u016f.<\/p>\n<p class=\"p1\">Jednoduch\u00fd design dopl\u0148uje v\u00fdst\u0159ih do V, kter\u00fd opticky prodlu\u017euje postavu. Voln\u00fd st\u0159ih zaji\u0161\u0165uje maxim\u00e1ln\u00ed pohodl\u00ed po cel\u00fd den.<\/p>\n<p class=\"p2\">Snadno kombinovateln\u00fd kousek vhodn\u00fd ke kalhot\u00e1m, sukn\u00edm i komplet\u016fm.<\/p>\n","protected":false},"excerpt":{"rendered":"<p class=\"p1\">Lehk\u00e9 voln\u00e9 t\u00edlko s v\u00fdst\u0159ihem do V.<\/p>\n","protected":false},"featured_media":1890,"comment_status":"open","ping_status":"closed","template":"","meta":[],"product_brand":[],"product_cat":[64],"product_tag":[],"class_list":{"0":"post-1892","1":"product","2":"type-product","3":"status-publish","4":"has-post-thumbnail","6":"product_cat-tilko","8":"first","9":"instock","10":"taxable","11":"shipping-taxable","12":"purchasable","13":"product-type-simple"},"jetpack_sharing_enabled":true,"_links":{"self":[{"href":"https:\/\/michelloutletshopping.com\/cs\/wp-json\/wp\/v2\/product\/1892","targetHints":{"allow":["GET"]}}],"collection":[{"href":"https:\/\/michelloutletshopping.com\/cs\/wp-json\/wp\/v2\/product"}],"about":[{"href":"https:\/\/michelloutletshopping.com\/cs\/wp-json\/wp\/v2\/types\/product"}],"replies":[{"embeddable":true,"href":"https:\/\/michelloutletshopping.com\/cs\/wp-json\/wp\/v2\/comments?post=1892"}],"wp:featuredmedia":[{"embeddable":true,"href":"https:\/\/michelloutletshopping.com\/cs\/wp-json\/wp\/v2\/media\/1890"}],"wp:attachment":[{"href":"https:\/\/michelloutletshopping.com\/cs\/wp-json\/wp\/v2\/media?parent=1892"}],"wp:term":[{"taxonomy":"product_brand","embeddable":true,"href":"https:\/\/michelloutletshopping.com\/cs\/wp-json\/wp\/v2\/product_brand?post=1892"},{"taxonomy":"product_cat","embeddable":true,"href":"https:\/\/michelloutletshopping.com\/cs\/wp-json\/wp\/v2\/product_cat?post=1892"},{"taxonomy":"product_tag","embeddable":true,"href":"https:\/\/michelloutletshopping.com\/cs\/wp-json\/wp\/v2\/product_tag?post=1892"}],"curies":[{"name":"wp","href":"https:\/\/api.w.org\/{rel}","templated":true}]}}