{"id":1899,"date":"2026-05-05T23:07:20","date_gmt":"2026-05-05T23:07:20","guid":{"rendered":"https:\/\/michelloutletshopping.com\/product\/volne-oversize-tricko\/"},"modified":"2026-05-05T23:07:20","modified_gmt":"2026-05-05T23:07:20","slug":"volne-oversize-tricko","status":"publish","type":"product","link":"https:\/\/michelloutletshopping.com\/cs\/produkt\/volne-oversize-tricko\/","title":{"rendered":"Voln\u00e9 oversize tri\u010dko"},"content":{"rendered":"<p class=\"p1\">Voln\u00e9 oversize tri\u010dko s m\u011bkk\u00fdm a pohodln\u00fdm st\u0159ihem, navr\u017een\u00e9 pro maxim\u00e1ln\u00ed komfort bez kompromis\u016f ve stylu.<\/p>\n<p class=\"p1\">\u0160irok\u00e1 silueta jemn\u011b spl\u00fdv\u00e1 na t\u011ble a je vhodn\u00e1 pro v\u0161echny typy postavy. M\u011bkk\u00e9 ruk\u00e1vy a jednoduch\u00fd design z n\u011bj d\u011blaj\u00ed praktick\u00fd kousek na ka\u017ed\u00fd den.<\/p>\n<p class=\"p2\">Snadno kombinovateln\u00fd s kalhotami, d\u017e\u00ednami i komplety.<\/p>\n","protected":false},"excerpt":{"rendered":"<p class=\"p1\">Voln\u00e9 oversize tri\u010dko s pohodln\u00fdm st\u0159ihem.<\/p>\n","protected":false},"featured_media":1897,"comment_status":"open","ping_status":"closed","template":"","meta":[],"product_brand":[],"product_cat":[67],"product_tag":[],"class_list":{"0":"post-1899","1":"product","2":"type-product","3":"status-publish","4":"has-post-thumbnail","6":"product_cat-tricko","8":"first","9":"instock","10":"taxable","11":"shipping-taxable","12":"purchasable","13":"product-type-simple"},"jetpack_sharing_enabled":true,"_links":{"self":[{"href":"https:\/\/michelloutletshopping.com\/cs\/wp-json\/wp\/v2\/product\/1899","targetHints":{"allow":["GET"]}}],"collection":[{"href":"https:\/\/michelloutletshopping.com\/cs\/wp-json\/wp\/v2\/product"}],"about":[{"href":"https:\/\/michelloutletshopping.com\/cs\/wp-json\/wp\/v2\/types\/product"}],"replies":[{"embeddable":true,"href":"https:\/\/michelloutletshopping.com\/cs\/wp-json\/wp\/v2\/comments?post=1899"}],"wp:featuredmedia":[{"embeddable":true,"href":"https:\/\/michelloutletshopping.com\/cs\/wp-json\/wp\/v2\/media\/1897"}],"wp:attachment":[{"href":"https:\/\/michelloutletshopping.com\/cs\/wp-json\/wp\/v2\/media?parent=1899"}],"wp:term":[{"taxonomy":"product_brand","embeddable":true,"href":"https:\/\/michelloutletshopping.com\/cs\/wp-json\/wp\/v2\/product_brand?post=1899"},{"taxonomy":"product_cat","embeddable":true,"href":"https:\/\/michelloutletshopping.com\/cs\/wp-json\/wp\/v2\/product_cat?post=1899"},{"taxonomy":"product_tag","embeddable":true,"href":"https:\/\/michelloutletshopping.com\/cs\/wp-json\/wp\/v2\/product_tag?post=1899"}],"curies":[{"name":"wp","href":"https:\/\/api.w.org\/{rel}","templated":true}]}}