{"id":1907,"date":"2026-05-05T23:16:30","date_gmt":"2026-05-05T23:16:30","guid":{"rendered":"https:\/\/michelloutletshopping.com\/product\/oversize-tricko-s-krajkou\/"},"modified":"2026-05-05T23:16:30","modified_gmt":"2026-05-05T23:16:30","slug":"oversize-tricko-s-krajkou","status":"publish","type":"product","link":"https:\/\/michelloutletshopping.com\/cs\/produkt\/oversize-tricko-s-krajkou\/","title":{"rendered":"Oversize tri\u010dko s krajkou"},"content":{"rendered":"<p class=\"p1\">Oversize tri\u010dko s jednoduch\u00fdm designem dopln\u011bn\u00e9 elegantn\u00edm krajkov\u00fdm detailem na spodn\u00edm lemu.<\/p>\n<p class=\"p1\">Voln\u00fd st\u0159ih zaji\u0161\u0165uje maxim\u00e1ln\u00ed pohodl\u00ed, zat\u00edmco krajka dod\u00e1v\u00e1 \u017eensk\u00fd a sofistikovan\u00fd vzhled.<\/p>\n<p class=\"p2\">Ide\u00e1ln\u00ed k d\u017e\u00edn\u016fm, kalhot\u00e1m nebo leg\u00edn\u00e1m, vhodn\u00e9 pro ka\u017edodenn\u00ed i elegantn\u011bj\u0161\u00ed outfit.<\/p>\n","protected":false},"excerpt":{"rendered":"<p class=\"p1\">Oversize tri\u010dko s krajkov\u00fdm spodn\u00edm lemem.<\/p>\n","protected":false},"featured_media":1904,"comment_status":"open","ping_status":"closed","template":"","meta":[],"product_brand":[],"product_cat":[67],"product_tag":[],"class_list":{"0":"post-1907","1":"product","2":"type-product","3":"status-publish","4":"has-post-thumbnail","6":"product_cat-tricko","8":"first","9":"instock","10":"taxable","11":"shipping-taxable","12":"purchasable","13":"product-type-simple"},"jetpack_sharing_enabled":true,"_links":{"self":[{"href":"https:\/\/michelloutletshopping.com\/cs\/wp-json\/wp\/v2\/product\/1907","targetHints":{"allow":["GET"]}}],"collection":[{"href":"https:\/\/michelloutletshopping.com\/cs\/wp-json\/wp\/v2\/product"}],"about":[{"href":"https:\/\/michelloutletshopping.com\/cs\/wp-json\/wp\/v2\/types\/product"}],"replies":[{"embeddable":true,"href":"https:\/\/michelloutletshopping.com\/cs\/wp-json\/wp\/v2\/comments?post=1907"}],"wp:featuredmedia":[{"embeddable":true,"href":"https:\/\/michelloutletshopping.com\/cs\/wp-json\/wp\/v2\/media\/1904"}],"wp:attachment":[{"href":"https:\/\/michelloutletshopping.com\/cs\/wp-json\/wp\/v2\/media?parent=1907"}],"wp:term":[{"taxonomy":"product_brand","embeddable":true,"href":"https:\/\/michelloutletshopping.com\/cs\/wp-json\/wp\/v2\/product_brand?post=1907"},{"taxonomy":"product_cat","embeddable":true,"href":"https:\/\/michelloutletshopping.com\/cs\/wp-json\/wp\/v2\/product_cat?post=1907"},{"taxonomy":"product_tag","embeddable":true,"href":"https:\/\/michelloutletshopping.com\/cs\/wp-json\/wp\/v2\/product_tag?post=1907"}],"curies":[{"name":"wp","href":"https:\/\/api.w.org\/{rel}","templated":true}]}}