{"id":1909,"date":"2026-05-05T23:24:03","date_gmt":"2026-05-05T23:24:03","guid":{"rendered":"https:\/\/michelloutletshopping.com\/product\/asymetricke-tricko-s-krajkou\/"},"modified":"2026-05-05T23:24:03","modified_gmt":"2026-05-05T23:24:03","slug":"asymetricke-tricko-s-krajkou","status":"publish","type":"product","link":"https:\/\/michelloutletshopping.com\/cs\/produkt\/asymetricke-tricko-s-krajkou\/","title":{"rendered":"Asymetrick\u00e9 tri\u010dko s krajkou"},"content":{"rendered":"<p class=\"p1\">Tri\u010dko s voln\u00fdm st\u0159ihem a asymetrick\u00fdm spodn\u00edm lemem dopln\u011bn\u00fdm elegantn\u00ed krajkou.<\/p>\n<p class=\"p1\">Jednoduch\u00fd horn\u00ed d\u00edl se kombinuje s rafinovan\u00fdm detailem dole, co\u017e vytv\u00e1\u0159\u00ed \u017eensk\u00fd a origin\u00e1ln\u00ed vzhled. Pohodln\u00fd st\u0159ih je ide\u00e1ln\u00ed na ka\u017ed\u00fd den. <\/p>\n<p class=\"p2\">Skv\u011ble se hod\u00ed k d\u017e\u00edn\u016fm nebo kalhot\u00e1m pro le\u017e\u00e9rn\u011b elegantn\u00ed outfit.<\/p>\n","protected":false},"excerpt":{"rendered":"<p>Tri\u010dko s voln\u00fdm st\u0159ihem a asymetrick\u00fdm spodn\u00edm lemem dopln\u011bn\u00fdm elegantn\u00ed krajkou. Jednoduch\u00fd horn\u00ed d\u00edl se kombinuje s rafinovan\u00fdm detailem dole, co\u017e vytv\u00e1\u0159\u00ed \u017eensk\u00fd a origin\u00e1ln\u00ed vzhled. Pohodln\u00fd st\u0159ih je ide\u00e1ln\u00ed na ka\u017ed\u00fd den. Skv\u011ble se hod\u00ed k d\u017e\u00edn\u016fm nebo kalhot\u00e1m pro le\u017e\u00e9rn\u011b elegantn\u00ed outfit.<\/p>\n","protected":false},"featured_media":1912,"comment_status":"open","ping_status":"closed","template":"","meta":[],"product_brand":[],"product_cat":[67],"product_tag":[],"class_list":{"0":"post-1909","1":"product","2":"type-product","3":"status-publish","4":"has-post-thumbnail","6":"product_cat-tricko","8":"first","9":"instock","10":"taxable","11":"shipping-taxable","12":"purchasable","13":"product-type-simple"},"jetpack_sharing_enabled":true,"_links":{"self":[{"href":"https:\/\/michelloutletshopping.com\/cs\/wp-json\/wp\/v2\/product\/1909","targetHints":{"allow":["GET"]}}],"collection":[{"href":"https:\/\/michelloutletshopping.com\/cs\/wp-json\/wp\/v2\/product"}],"about":[{"href":"https:\/\/michelloutletshopping.com\/cs\/wp-json\/wp\/v2\/types\/product"}],"replies":[{"embeddable":true,"href":"https:\/\/michelloutletshopping.com\/cs\/wp-json\/wp\/v2\/comments?post=1909"}],"wp:featuredmedia":[{"embeddable":true,"href":"https:\/\/michelloutletshopping.com\/cs\/wp-json\/wp\/v2\/media\/1912"}],"wp:attachment":[{"href":"https:\/\/michelloutletshopping.com\/cs\/wp-json\/wp\/v2\/media?parent=1909"}],"wp:term":[{"taxonomy":"product_brand","embeddable":true,"href":"https:\/\/michelloutletshopping.com\/cs\/wp-json\/wp\/v2\/product_brand?post=1909"},{"taxonomy":"product_cat","embeddable":true,"href":"https:\/\/michelloutletshopping.com\/cs\/wp-json\/wp\/v2\/product_cat?post=1909"},{"taxonomy":"product_tag","embeddable":true,"href":"https:\/\/michelloutletshopping.com\/cs\/wp-json\/wp\/v2\/product_tag?post=1909"}],"curies":[{"name":"wp","href":"https:\/\/api.w.org\/{rel}","templated":true}]}}