{"id":1930,"date":"2026-05-05T23:36:59","date_gmt":"2026-05-05T23:36:59","guid":{"rendered":"https:\/\/michelloutletshopping.com\/product\/asymetricky-top-s-masli\/"},"modified":"2026-05-05T23:36:59","modified_gmt":"2026-05-05T23:36:59","slug":"asymetricky-top-s-masli","status":"publish","type":"product","link":"https:\/\/michelloutletshopping.com\/cs\/produkt\/asymetricky-top-s-masli\/","title":{"rendered":"Asymetrick\u00fd top s ma\u0161l\u00ed"},"content":{"rendered":"<p class=\"p1\">Asymetrick\u00fd top s odhalen\u00fdm ramenem a jemn\u00fdm detailem ma\u0161le.<\/p>\n<p class=\"p1\">Voln\u00e1 a spl\u00fdvav\u00e1 silueta je na jedn\u00e9 stran\u011b del\u0161\u00ed, co\u017e vytv\u00e1\u0159\u00ed elegantn\u00ed a origin\u00e1ln\u00ed vzhled. Ma\u0161le na rameni dod\u00e1v\u00e1 \u017eensk\u00fd a sofistikovan\u00fd n\u00e1dech.<\/p>\n<p class=\"p2\">Perfektn\u00ed k d\u017e\u00edn\u016fm, kalhot\u00e1m i sukn\u00edm.<\/p>\n","protected":false},"excerpt":{"rendered":"<p class=\"p1\">Asymetrick\u00fd top na jedno rameno s ma\u0161l\u00ed.<\/p>\n","protected":false},"featured_media":1928,"comment_status":"open","ping_status":"closed","template":"","meta":[],"product_brand":[],"product_cat":[59,67],"product_tag":[],"class_list":{"0":"post-1930","1":"product","2":"type-product","3":"status-publish","4":"has-post-thumbnail","6":"product_cat-halenka","7":"product_cat-tricko","9":"first","10":"instock","11":"taxable","12":"shipping-taxable","13":"purchasable","14":"product-type-simple"},"jetpack_sharing_enabled":true,"_links":{"self":[{"href":"https:\/\/michelloutletshopping.com\/cs\/wp-json\/wp\/v2\/product\/1930","targetHints":{"allow":["GET"]}}],"collection":[{"href":"https:\/\/michelloutletshopping.com\/cs\/wp-json\/wp\/v2\/product"}],"about":[{"href":"https:\/\/michelloutletshopping.com\/cs\/wp-json\/wp\/v2\/types\/product"}],"replies":[{"embeddable":true,"href":"https:\/\/michelloutletshopping.com\/cs\/wp-json\/wp\/v2\/comments?post=1930"}],"wp:featuredmedia":[{"embeddable":true,"href":"https:\/\/michelloutletshopping.com\/cs\/wp-json\/wp\/v2\/media\/1928"}],"wp:attachment":[{"href":"https:\/\/michelloutletshopping.com\/cs\/wp-json\/wp\/v2\/media?parent=1930"}],"wp:term":[{"taxonomy":"product_brand","embeddable":true,"href":"https:\/\/michelloutletshopping.com\/cs\/wp-json\/wp\/v2\/product_brand?post=1930"},{"taxonomy":"product_cat","embeddable":true,"href":"https:\/\/michelloutletshopping.com\/cs\/wp-json\/wp\/v2\/product_cat?post=1930"},{"taxonomy":"product_tag","embeddable":true,"href":"https:\/\/michelloutletshopping.com\/cs\/wp-json\/wp\/v2\/product_tag?post=1930"}],"curies":[{"name":"wp","href":"https:\/\/api.w.org\/{rel}","templated":true}]}}