{"id":1937,"date":"2026-05-05T23:44:49","date_gmt":"2026-05-05T23:44:49","guid":{"rendered":"https:\/\/michelloutletshopping.com\/product\/dlouhe-minimalisticke-saty\/"},"modified":"2026-05-05T23:44:49","modified_gmt":"2026-05-05T23:44:49","slug":"dlouhe-minimalisticke-saty","status":"publish","type":"product","link":"https:\/\/michelloutletshopping.com\/cs\/produkt\/dlouhe-minimalisticke-saty\/","title":{"rendered":"Dlouh\u00e9 minimalistick\u00e9 \u0161aty"},"content":{"rendered":"<p class=\"p1\">Dlouh\u00e9 minimalistick\u00e9 \u0161aty s \u010dist\u00fdm a elegantn\u00edm designem.<\/p>\n<p class=\"p1\">Voln\u00fd st\u0159ih kr\u00e1sn\u011b spl\u00fdv\u00e1 a poskytuje pohodl\u00ed b\u011bhem cel\u00e9ho dne D\u00edky jednoduch\u00e9mu proveden\u00ed bez ruk\u00e1v\u016f jsou \u0161aty velmi univerz\u00e1ln\u00ed a snadno kombinovateln\u00e9.<\/p>\n<p class=\"p2\">Perfektn\u00ed ke tenisk\u00e1m i elegantn\u00edm dopl\u0148k\u016fm.<\/p>\n","protected":false},"excerpt":{"rendered":"<p class=\"p1\">Dlouh\u00e9 minimalistick\u00e9 \u0161aty bez ruk\u00e1v\u016f.<\/p>\n","protected":false},"featured_media":1935,"comment_status":"open","ping_status":"closed","template":"","meta":[],"product_brand":[],"product_cat":[72],"product_tag":[],"class_list":{"0":"post-1937","1":"product","2":"type-product","3":"status-publish","4":"has-post-thumbnail","6":"product_cat-saty","8":"first","9":"instock","10":"taxable","11":"shipping-taxable","12":"purchasable","13":"product-type-simple"},"jetpack_sharing_enabled":true,"_links":{"self":[{"href":"https:\/\/michelloutletshopping.com\/cs\/wp-json\/wp\/v2\/product\/1937","targetHints":{"allow":["GET"]}}],"collection":[{"href":"https:\/\/michelloutletshopping.com\/cs\/wp-json\/wp\/v2\/product"}],"about":[{"href":"https:\/\/michelloutletshopping.com\/cs\/wp-json\/wp\/v2\/types\/product"}],"replies":[{"embeddable":true,"href":"https:\/\/michelloutletshopping.com\/cs\/wp-json\/wp\/v2\/comments?post=1937"}],"wp:featuredmedia":[{"embeddable":true,"href":"https:\/\/michelloutletshopping.com\/cs\/wp-json\/wp\/v2\/media\/1935"}],"wp:attachment":[{"href":"https:\/\/michelloutletshopping.com\/cs\/wp-json\/wp\/v2\/media?parent=1937"}],"wp:term":[{"taxonomy":"product_brand","embeddable":true,"href":"https:\/\/michelloutletshopping.com\/cs\/wp-json\/wp\/v2\/product_brand?post=1937"},{"taxonomy":"product_cat","embeddable":true,"href":"https:\/\/michelloutletshopping.com\/cs\/wp-json\/wp\/v2\/product_cat?post=1937"},{"taxonomy":"product_tag","embeddable":true,"href":"https:\/\/michelloutletshopping.com\/cs\/wp-json\/wp\/v2\/product_tag?post=1937"}],"curies":[{"name":"wp","href":"https:\/\/api.w.org\/{rel}","templated":true}]}}