{"id":1943,"date":"2026-05-05T23:57:06","date_gmt":"2026-05-05T23:57:06","guid":{"rendered":"https:\/\/michelloutletshopping.com\/product\/kosilove-saty-s-vazanim-vpredu\/"},"modified":"2026-05-05T23:57:06","modified_gmt":"2026-05-05T23:57:06","slug":"kosilove-saty-s-vazanim-vpredu","status":"publish","type":"product","link":"https:\/\/michelloutletshopping.com\/cs\/produkt\/kosilove-saty-s-vazanim-vpredu\/","title":{"rendered":"Ko\u0161ilov\u00e9 \u0161aty s v\u00e1z\u00e1n\u00edm vp\u0159edu"},"content":{"rendered":"<p class=\"p1\">Modern\u00ed ko\u0161ilov\u00e9 \u0161aty s \u017eensk\u00fdm st\u0159ihem, klasick\u00fdm l\u00edme\u010dkem, nastaviteln\u00fdmi ruk\u00e1vy a v\u00e1z\u00e1n\u00edm vp\u0159edu, kter\u00e9 zv\u00fdraz\u0148uje pas. Spl\u00fdvav\u00e1 linie jemn\u011b kop\u00edruje postavu a vytv\u00e1\u0159\u00ed elegantn\u00ed, ale praktick\u00fd vzhled.<\/p>\n<p class=\"p1\">Ide\u00e1ln\u00ed pro le\u017e\u00e9rn\u011b elegantn\u00ed outfity, b\u011b\u017en\u00e9 dny i upraven\u011bj\u0161\u00ed p\u0159\u00edle\u017eitosti. Snadno se uprav\u00ed se sand\u00e1ly, podpatky nebo teniskami.<\/p>\n","protected":false},"excerpt":{"rendered":"<p class=\"p1\">Elegantn\u00ed ko\u0161ilov\u00e9 \u0161aty s v\u00e1z\u00e1n\u00edm vp\u0159edu.<\/p>\n","protected":false},"featured_media":1941,"comment_status":"open","ping_status":"closed","template":"","meta":[],"product_brand":[],"product_cat":[74],"product_tag":[],"class_list":{"0":"post-1943","1":"product","2":"type-product","3":"status-publish","4":"has-post-thumbnail","6":"product_cat-saty-2","8":"first","9":"instock","10":"taxable","11":"shipping-taxable","12":"purchasable","13":"product-type-simple"},"jetpack_sharing_enabled":true,"_links":{"self":[{"href":"https:\/\/michelloutletshopping.com\/cs\/wp-json\/wp\/v2\/product\/1943","targetHints":{"allow":["GET"]}}],"collection":[{"href":"https:\/\/michelloutletshopping.com\/cs\/wp-json\/wp\/v2\/product"}],"about":[{"href":"https:\/\/michelloutletshopping.com\/cs\/wp-json\/wp\/v2\/types\/product"}],"replies":[{"embeddable":true,"href":"https:\/\/michelloutletshopping.com\/cs\/wp-json\/wp\/v2\/comments?post=1943"}],"wp:featuredmedia":[{"embeddable":true,"href":"https:\/\/michelloutletshopping.com\/cs\/wp-json\/wp\/v2\/media\/1941"}],"wp:attachment":[{"href":"https:\/\/michelloutletshopping.com\/cs\/wp-json\/wp\/v2\/media?parent=1943"}],"wp:term":[{"taxonomy":"product_brand","embeddable":true,"href":"https:\/\/michelloutletshopping.com\/cs\/wp-json\/wp\/v2\/product_brand?post=1943"},{"taxonomy":"product_cat","embeddable":true,"href":"https:\/\/michelloutletshopping.com\/cs\/wp-json\/wp\/v2\/product_cat?post=1943"},{"taxonomy":"product_tag","embeddable":true,"href":"https:\/\/michelloutletshopping.com\/cs\/wp-json\/wp\/v2\/product_tag?post=1943"}],"curies":[{"name":"wp","href":"https:\/\/api.w.org\/{rel}","templated":true}]}}