{"id":1995,"date":"2026-05-06T15:13:55","date_gmt":"2026-05-06T15:13:55","guid":{"rendered":"https:\/\/michelloutletshopping.com\/product\/siroke-kalhoty-s-efektem-lnu-s-paskem\/"},"modified":"2026-05-06T15:13:55","modified_gmt":"2026-05-06T15:13:55","slug":"siroke-kalhoty-s-efektem-lnu-s-paskem","status":"publish","type":"product","link":"https:\/\/michelloutletshopping.com\/cs\/produkt\/siroke-kalhoty-s-efektem-lnu-s-paskem\/","title":{"rendered":"\u0160irok\u00e9 kalhoty s efektem lnu s p\u00e1skem"},"content":{"rendered":"<p>\u0160irok\u00e9 kalhoty z lehk\u00e9ho materi\u00e1lu s efektem lnu, ide\u00e1ln\u00ed na tepl\u00e9 dny a pohodln\u00e9 no\u0161en\u00ed.<\/p>\n<p>Voln\u00fd st\u0159ih opticky prodlu\u017euje postavu a elastick\u00fd pas zaji\u0161\u0165uje pohodl\u00ed. P\u00e1sek s dekorativn\u00edm \u0161\u00e1tkem dod\u00e1v\u00e1 outfitu origin\u00e1ln\u00ed a elegantn\u00ed vzhled. <\/p>\n<p>Perfektn\u00ed na l\u00e9to, dovolenou i ka\u017edodenn\u00ed outfit.<\/p>\n","protected":false},"excerpt":{"rendered":"<p>Lehk\u00e9 \u0161irok\u00e9 kalhoty s efektem lnu, elastick\u00fdm pasem a ozdobn\u00fdm p\u00e1skem, ide\u00e1ln\u00ed na l\u00e9to.<\/p>\n","protected":false},"featured_media":1984,"comment_status":"open","ping_status":"closed","template":"","meta":[],"product_brand":[],"product_cat":[83],"product_tag":[],"class_list":{"0":"post-1995","1":"product","2":"type-product","3":"status-publish","4":"has-post-thumbnail","6":"product_cat-kalhoty-2","8":"first","9":"instock","10":"taxable","11":"shipping-taxable","12":"purchasable","13":"product-type-simple"},"jetpack_sharing_enabled":true,"_links":{"self":[{"href":"https:\/\/michelloutletshopping.com\/cs\/wp-json\/wp\/v2\/product\/1995","targetHints":{"allow":["GET"]}}],"collection":[{"href":"https:\/\/michelloutletshopping.com\/cs\/wp-json\/wp\/v2\/product"}],"about":[{"href":"https:\/\/michelloutletshopping.com\/cs\/wp-json\/wp\/v2\/types\/product"}],"replies":[{"embeddable":true,"href":"https:\/\/michelloutletshopping.com\/cs\/wp-json\/wp\/v2\/comments?post=1995"}],"wp:featuredmedia":[{"embeddable":true,"href":"https:\/\/michelloutletshopping.com\/cs\/wp-json\/wp\/v2\/media\/1984"}],"wp:attachment":[{"href":"https:\/\/michelloutletshopping.com\/cs\/wp-json\/wp\/v2\/media?parent=1995"}],"wp:term":[{"taxonomy":"product_brand","embeddable":true,"href":"https:\/\/michelloutletshopping.com\/cs\/wp-json\/wp\/v2\/product_brand?post=1995"},{"taxonomy":"product_cat","embeddable":true,"href":"https:\/\/michelloutletshopping.com\/cs\/wp-json\/wp\/v2\/product_cat?post=1995"},{"taxonomy":"product_tag","embeddable":true,"href":"https:\/\/michelloutletshopping.com\/cs\/wp-json\/wp\/v2\/product_tag?post=1995"}],"curies":[{"name":"wp","href":"https:\/\/api.w.org\/{rel}","templated":true}]}}