{"id":2020,"date":"2026-05-06T15:48:17","date_gmt":"2026-05-06T15:48:17","guid":{"rendered":"https:\/\/michelloutletshopping.com\/product\/dlouhe-leopardi-saty-na-tenka-raminka\/"},"modified":"2026-05-06T15:54:31","modified_gmt":"2026-05-06T15:54:31","slug":"dlouhe-leopardi-saty-na-tenka-raminka","status":"publish","type":"product","link":"https:\/\/michelloutletshopping.com\/cs\/produkt\/dlouhe-leopardi-saty-na-tenka-raminka\/","title":{"rendered":"Dlouh\u00e9 leopard\u00ed \u0161aty na tenk\u00e1 ram\u00ednka"},"content":{"rendered":"<p>Dlouh\u00e9 \u0161aty s leopard\u00edm vzorem, ide\u00e1ln\u00ed pro v\u00fdrazn\u00fd a \u017eensk\u00fd look.<\/p>\n<p>Voln\u00fd, spl\u00fdvav\u00fd st\u0159ih zaji\u0161\u0165uje pohodl\u00ed a neobep\u00edn\u00e1 postavu. Tenk\u00e1 ram\u00ednka a jemn\u00fd v\u00fdst\u0159ih kr\u00e1sn\u011b zv\u00fdrazn\u00ed horn\u00ed \u010d\u00e1st t\u011bla.<\/p>\n<p>Perfektn\u00ed na den i ve\u010der.<\/p>\n","protected":false},"excerpt":{"rendered":"<p>Dlouh\u00e9 spl\u00fdvav\u00e9 leopard\u00ed \u0161aty na ram\u00ednka, ide\u00e1ln\u00ed na den i ve\u010der.<\/p>\n","protected":false},"featured_media":2022,"comment_status":"open","ping_status":"closed","template":"","meta":[],"product_brand":[],"product_cat":[74],"product_tag":[],"class_list":{"0":"post-2020","1":"product","2":"type-product","3":"status-publish","4":"has-post-thumbnail","6":"product_cat-saty-2","8":"first","9":"instock","10":"taxable","11":"shipping-taxable","12":"purchasable","13":"product-type-simple"},"jetpack_sharing_enabled":true,"_links":{"self":[{"href":"https:\/\/michelloutletshopping.com\/cs\/wp-json\/wp\/v2\/product\/2020","targetHints":{"allow":["GET"]}}],"collection":[{"href":"https:\/\/michelloutletshopping.com\/cs\/wp-json\/wp\/v2\/product"}],"about":[{"href":"https:\/\/michelloutletshopping.com\/cs\/wp-json\/wp\/v2\/types\/product"}],"replies":[{"embeddable":true,"href":"https:\/\/michelloutletshopping.com\/cs\/wp-json\/wp\/v2\/comments?post=2020"}],"wp:featuredmedia":[{"embeddable":true,"href":"https:\/\/michelloutletshopping.com\/cs\/wp-json\/wp\/v2\/media\/2022"}],"wp:attachment":[{"href":"https:\/\/michelloutletshopping.com\/cs\/wp-json\/wp\/v2\/media?parent=2020"}],"wp:term":[{"taxonomy":"product_brand","embeddable":true,"href":"https:\/\/michelloutletshopping.com\/cs\/wp-json\/wp\/v2\/product_brand?post=2020"},{"taxonomy":"product_cat","embeddable":true,"href":"https:\/\/michelloutletshopping.com\/cs\/wp-json\/wp\/v2\/product_cat?post=2020"},{"taxonomy":"product_tag","embeddable":true,"href":"https:\/\/michelloutletshopping.com\/cs\/wp-json\/wp\/v2\/product_tag?post=2020"}],"curies":[{"name":"wp","href":"https:\/\/api.w.org\/{rel}","templated":true}]}}