{"id":2041,"date":"2026-05-06T16:24:22","date_gmt":"2026-05-06T16:24:22","guid":{"rendered":"https:\/\/michelloutletshopping.com\/product\/siroke-kalhoty-s-paskem-do-pasu\/"},"modified":"2026-05-06T16:24:22","modified_gmt":"2026-05-06T16:24:22","slug":"siroke-kalhoty-s-paskem-do-pasu","status":"publish","type":"product","link":"https:\/\/michelloutletshopping.com\/cs\/produkt\/siroke-kalhoty-s-paskem-do-pasu\/","title":{"rendered":"\u0160irok\u00e9 kalhoty s p\u00e1skem do pasu"},"content":{"rendered":"<p>\u0160irok\u00e9 kalhoty s elegantn\u00edm a modern\u00edm st\u0159ihem.<\/p>\n<p>P\u00e1sek zv\u00fdraz\u0148uje pas a vytv\u00e1\u0159\u00ed kr\u00e1snou siluetu. Voln\u00e9 nohavice zaji\u0161\u0165uj\u00ed pohodl\u00ed a volnost pohybu.<\/p>\n<p>Ide\u00e1ln\u00ed pro ka\u017edodenn\u00ed i elegantn\u011bj\u0161\u00ed outfit.<\/p>\n","protected":false},"excerpt":{"rendered":"<p>\u0160irok\u00e9 kalhoty s p\u00e1skem, kter\u00e9 zv\u00fdraz\u0148uj\u00ed pas.<\/p>\n","protected":false},"featured_media":2039,"comment_status":"open","ping_status":"closed","template":"","meta":[],"product_brand":[],"product_cat":[83],"product_tag":[],"class_list":{"0":"post-2041","1":"product","2":"type-product","3":"status-publish","4":"has-post-thumbnail","6":"product_cat-kalhoty-2","8":"first","9":"instock","10":"taxable","11":"shipping-taxable","12":"purchasable","13":"product-type-variable"},"jetpack_sharing_enabled":true,"_links":{"self":[{"href":"https:\/\/michelloutletshopping.com\/cs\/wp-json\/wp\/v2\/product\/2041","targetHints":{"allow":["GET"]}}],"collection":[{"href":"https:\/\/michelloutletshopping.com\/cs\/wp-json\/wp\/v2\/product"}],"about":[{"href":"https:\/\/michelloutletshopping.com\/cs\/wp-json\/wp\/v2\/types\/product"}],"replies":[{"embeddable":true,"href":"https:\/\/michelloutletshopping.com\/cs\/wp-json\/wp\/v2\/comments?post=2041"}],"wp:featuredmedia":[{"embeddable":true,"href":"https:\/\/michelloutletshopping.com\/cs\/wp-json\/wp\/v2\/media\/2039"}],"wp:attachment":[{"href":"https:\/\/michelloutletshopping.com\/cs\/wp-json\/wp\/v2\/media?parent=2041"}],"wp:term":[{"taxonomy":"product_brand","embeddable":true,"href":"https:\/\/michelloutletshopping.com\/cs\/wp-json\/wp\/v2\/product_brand?post=2041"},{"taxonomy":"product_cat","embeddable":true,"href":"https:\/\/michelloutletshopping.com\/cs\/wp-json\/wp\/v2\/product_cat?post=2041"},{"taxonomy":"product_tag","embeddable":true,"href":"https:\/\/michelloutletshopping.com\/cs\/wp-json\/wp\/v2\/product_tag?post=2041"}],"curies":[{"name":"wp","href":"https:\/\/api.w.org\/{rel}","templated":true}]}}