{"id":2058,"date":"2026-05-06T16:35:03","date_gmt":"2026-05-06T16:35:03","guid":{"rendered":"https:\/\/michelloutletshopping.com\/product\/dlouhe-saty-s-rasenim-a-ozdobnym-detailem\/"},"modified":"2026-05-06T16:35:03","modified_gmt":"2026-05-06T16:35:03","slug":"dlouhe-saty-s-rasenim-a-ozdobnym-detailem","status":"publish","type":"product","link":"https:\/\/michelloutletshopping.com\/cs\/produkt\/dlouhe-saty-s-rasenim-a-ozdobnym-detailem\/","title":{"rendered":"Dlouh\u00e9 \u0161aty s \u0159asen\u00edm a ozdobn\u00fdm detailem"},"content":{"rendered":"<p>Elegantn\u00ed dlouh\u00e9 \u0161aty, kter\u00e9 zv\u00fdraz\u0148uj\u00ed postavu a opticky ji ze\u0161t\u00edhluj\u00ed.<\/p>\n<p>\u0158asen\u00ed na boku zv\u00fdraz\u0148uje pas a dod\u00e1v\u00e1 pohyb, zat\u00edmco ozdobn\u00fd detail dod\u00e1v\u00e1 \u0161at\u016fm luxusn\u00ed vzhled. <\/p>\n<p>Ide\u00e1ln\u00ed na spole\u010densk\u00e9 ud\u00e1losti i ve\u010dern\u00ed outfit.<\/p>\n","protected":false},"excerpt":{"rendered":"<p>Dlouh\u00e9 \u0161aty s \u0159asen\u00edm a ze\u0161t\u00edhluj\u00edc\u00edm efektem.<\/p>\n","protected":false},"featured_media":2056,"comment_status":"open","ping_status":"closed","template":"","meta":[],"product_brand":[],"product_cat":[74],"product_tag":[],"class_list":{"0":"post-2058","1":"product","2":"type-product","3":"status-publish","4":"has-post-thumbnail","6":"product_cat-saty-2","8":"first","9":"instock","10":"taxable","11":"shipping-taxable","12":"purchasable","13":"product-type-variable"},"jetpack_sharing_enabled":true,"_links":{"self":[{"href":"https:\/\/michelloutletshopping.com\/cs\/wp-json\/wp\/v2\/product\/2058","targetHints":{"allow":["GET"]}}],"collection":[{"href":"https:\/\/michelloutletshopping.com\/cs\/wp-json\/wp\/v2\/product"}],"about":[{"href":"https:\/\/michelloutletshopping.com\/cs\/wp-json\/wp\/v2\/types\/product"}],"replies":[{"embeddable":true,"href":"https:\/\/michelloutletshopping.com\/cs\/wp-json\/wp\/v2\/comments?post=2058"}],"wp:featuredmedia":[{"embeddable":true,"href":"https:\/\/michelloutletshopping.com\/cs\/wp-json\/wp\/v2\/media\/2056"}],"wp:attachment":[{"href":"https:\/\/michelloutletshopping.com\/cs\/wp-json\/wp\/v2\/media?parent=2058"}],"wp:term":[{"taxonomy":"product_brand","embeddable":true,"href":"https:\/\/michelloutletshopping.com\/cs\/wp-json\/wp\/v2\/product_brand?post=2058"},{"taxonomy":"product_cat","embeddable":true,"href":"https:\/\/michelloutletshopping.com\/cs\/wp-json\/wp\/v2\/product_cat?post=2058"},{"taxonomy":"product_tag","embeddable":true,"href":"https:\/\/michelloutletshopping.com\/cs\/wp-json\/wp\/v2\/product_tag?post=2058"}],"curies":[{"name":"wp","href":"https:\/\/api.w.org\/{rel}","templated":true}]}}