{"id":2066,"date":"2026-05-06T16:43:33","date_gmt":"2026-05-06T16:43:33","guid":{"rendered":"https:\/\/michelloutletshopping.com\/product\/dlouhe-splyvave-saty-s-vystrihem-do-v\/"},"modified":"2026-05-06T16:43:33","modified_gmt":"2026-05-06T16:43:33","slug":"dlouhe-splyvave-saty-s-vystrihem-do-v","status":"publish","type":"product","link":"https:\/\/michelloutletshopping.com\/cs\/produkt\/dlouhe-splyvave-saty-s-vystrihem-do-v\/","title":{"rendered":"Dlouh\u00e9 spl\u00fdvav\u00e9 \u0161aty s v\u00fdst\u0159ihem do V"},"content":{"rendered":"<p>Dlouh\u00e9 spl\u00fdvav\u00e9 \u0161aty ide\u00e1ln\u00ed pro pohodl\u00ed a \u017eensk\u00fd vzhled.<\/p>\n<p>V\u00fdst\u0159ih do V zv\u00fdraz\u0148uje dekolt, jemn\u011b \u0159asen\u00fd pas vytv\u00e1\u0159\u00ed p\u011bknou siluetu bez obepnut\u00ed. Voln\u00e1 sukn\u011b dod\u00e1v\u00e1 lehkost a pohyb. <\/p>\n<p>Perfektn\u00ed na ka\u017edodenn\u00ed no\u0161en\u00ed i letn\u00ed outfity.<\/p>\n","protected":false},"excerpt":{"rendered":"<p>Spl\u00fdvav\u00e9 \u0161aty s v\u00fdst\u0159ihem do V a pohodln\u00fdm st\u0159ihem.<\/p>\n","protected":false},"featured_media":2068,"comment_status":"open","ping_status":"closed","template":"","meta":[],"product_brand":[],"product_cat":[74],"product_tag":[],"class_list":{"0":"post-2066","1":"product","2":"type-product","3":"status-publish","4":"has-post-thumbnail","6":"product_cat-saty-2","8":"first","9":"instock","10":"taxable","11":"shipping-taxable","12":"purchasable","13":"product-type-simple"},"jetpack_sharing_enabled":true,"_links":{"self":[{"href":"https:\/\/michelloutletshopping.com\/cs\/wp-json\/wp\/v2\/product\/2066","targetHints":{"allow":["GET"]}}],"collection":[{"href":"https:\/\/michelloutletshopping.com\/cs\/wp-json\/wp\/v2\/product"}],"about":[{"href":"https:\/\/michelloutletshopping.com\/cs\/wp-json\/wp\/v2\/types\/product"}],"replies":[{"embeddable":true,"href":"https:\/\/michelloutletshopping.com\/cs\/wp-json\/wp\/v2\/comments?post=2066"}],"wp:featuredmedia":[{"embeddable":true,"href":"https:\/\/michelloutletshopping.com\/cs\/wp-json\/wp\/v2\/media\/2068"}],"wp:attachment":[{"href":"https:\/\/michelloutletshopping.com\/cs\/wp-json\/wp\/v2\/media?parent=2066"}],"wp:term":[{"taxonomy":"product_brand","embeddable":true,"href":"https:\/\/michelloutletshopping.com\/cs\/wp-json\/wp\/v2\/product_brand?post=2066"},{"taxonomy":"product_cat","embeddable":true,"href":"https:\/\/michelloutletshopping.com\/cs\/wp-json\/wp\/v2\/product_cat?post=2066"},{"taxonomy":"product_tag","embeddable":true,"href":"https:\/\/michelloutletshopping.com\/cs\/wp-json\/wp\/v2\/product_tag?post=2066"}],"curies":[{"name":"wp","href":"https:\/\/api.w.org\/{rel}","templated":true}]}}