{"id":2075,"date":"2026-05-06T16:53:17","date_gmt":"2026-05-06T16:53:17","guid":{"rendered":"https:\/\/michelloutletshopping.com\/product\/dlouha-kosile-s-umeleckym-potiskem\/"},"modified":"2026-05-06T16:53:17","modified_gmt":"2026-05-06T16:53:17","slug":"dlouha-kosile-s-umeleckym-potiskem","status":"publish","type":"product","link":"https:\/\/michelloutletshopping.com\/cs\/produkt\/dlouha-kosile-s-umeleckym-potiskem\/","title":{"rendered":"Dlouh\u00e1 ko\u0161ile s um\u011bleck\u00fdm potiskem"},"content":{"rendered":"<p>Dlouh\u00e1 ko\u0161ile s voln\u00fdm a modern\u00edm st\u0159ihem.<\/p>\n<p>Barevn\u00fd um\u011bleck\u00fd potisk dod\u00e1v\u00e1 origin\u00e1ln\u00ed a letn\u00ed vzhled inspirovan\u00fd St\u0159edomo\u0159\u00edm. Voln\u00fd st\u0159ih je pohodln\u00fd a neobep\u00edn\u00e1 postavu. <\/p>\n<p>Lze nosit jako ko\u0161ili nebo kr\u00e1tk\u00e9 \u0161aty.<\/p>\n","protected":false},"excerpt":{"rendered":"<p>Dlouh\u00e1 ko\u0161ile s barevn\u00fdm potiskem a voln\u00fdm st\u0159ihem.<\/p>\n","protected":false},"featured_media":2073,"comment_status":"open","ping_status":"closed","template":"","meta":[],"product_brand":[],"product_cat":[88],"product_tag":[],"class_list":{"0":"post-2075","1":"product","2":"type-product","3":"status-publish","4":"has-post-thumbnail","6":"product_cat-kosile","8":"first","9":"instock","10":"taxable","11":"shipping-taxable","12":"purchasable","13":"product-type-simple"},"jetpack_sharing_enabled":true,"_links":{"self":[{"href":"https:\/\/michelloutletshopping.com\/cs\/wp-json\/wp\/v2\/product\/2075","targetHints":{"allow":["GET"]}}],"collection":[{"href":"https:\/\/michelloutletshopping.com\/cs\/wp-json\/wp\/v2\/product"}],"about":[{"href":"https:\/\/michelloutletshopping.com\/cs\/wp-json\/wp\/v2\/types\/product"}],"replies":[{"embeddable":true,"href":"https:\/\/michelloutletshopping.com\/cs\/wp-json\/wp\/v2\/comments?post=2075"}],"wp:featuredmedia":[{"embeddable":true,"href":"https:\/\/michelloutletshopping.com\/cs\/wp-json\/wp\/v2\/media\/2073"}],"wp:attachment":[{"href":"https:\/\/michelloutletshopping.com\/cs\/wp-json\/wp\/v2\/media?parent=2075"}],"wp:term":[{"taxonomy":"product_brand","embeddable":true,"href":"https:\/\/michelloutletshopping.com\/cs\/wp-json\/wp\/v2\/product_brand?post=2075"},{"taxonomy":"product_cat","embeddable":true,"href":"https:\/\/michelloutletshopping.com\/cs\/wp-json\/wp\/v2\/product_cat?post=2075"},{"taxonomy":"product_tag","embeddable":true,"href":"https:\/\/michelloutletshopping.com\/cs\/wp-json\/wp\/v2\/product_tag?post=2075"}],"curies":[{"name":"wp","href":"https:\/\/api.w.org\/{rel}","templated":true}]}}