{"id":2082,"date":"2026-05-06T17:00:16","date_gmt":"2026-05-06T17:00:16","guid":{"rendered":"https:\/\/michelloutletshopping.com\/product\/top-s-krajkovymi-volany\/"},"modified":"2026-05-06T17:00:16","modified_gmt":"2026-05-06T17:00:16","slug":"top-s-krajkovymi-volany","status":"publish","type":"product","link":"https:\/\/michelloutletshopping.com\/cs\/produkt\/top-s-krajkovymi-volany\/","title":{"rendered":"Top s krajkov\u00fdmi vol\u00e1ny"},"content":{"rendered":"<p>Jednoduch\u00fd top dopln\u011bn\u00fd elegantn\u00edmi krajkov\u00fdmi vol\u00e1ny na ramenou.<\/p>\n<p>Voln\u00fd st\u0159ih zaji\u0161\u0165uje pohodl\u00ed, zat\u00edmco krajkov\u00e9 detaily dod\u00e1vaj\u00ed \u017eenskost a styl. Ide\u00e1ln\u00ed pro ka\u017edodenn\u00ed i elegantn\u011bj\u0161\u00ed outfit. <\/p>\n<p>Univerz\u00e1ln\u00ed a stylov\u00fd kousek.<\/p>\n","protected":false},"excerpt":{"rendered":"<p>Jednoduch\u00fd top s krajkov\u00fdmi vol\u00e1ny.<\/p>\n","protected":false},"featured_media":2080,"comment_status":"open","ping_status":"closed","template":"","meta":[],"product_brand":[],"product_cat":[67],"product_tag":[],"class_list":{"0":"post-2082","1":"product","2":"type-product","3":"status-publish","4":"has-post-thumbnail","6":"product_cat-tricko","8":"first","9":"instock","10":"taxable","11":"shipping-taxable","12":"purchasable","13":"product-type-simple"},"jetpack_sharing_enabled":true,"_links":{"self":[{"href":"https:\/\/michelloutletshopping.com\/cs\/wp-json\/wp\/v2\/product\/2082","targetHints":{"allow":["GET"]}}],"collection":[{"href":"https:\/\/michelloutletshopping.com\/cs\/wp-json\/wp\/v2\/product"}],"about":[{"href":"https:\/\/michelloutletshopping.com\/cs\/wp-json\/wp\/v2\/types\/product"}],"replies":[{"embeddable":true,"href":"https:\/\/michelloutletshopping.com\/cs\/wp-json\/wp\/v2\/comments?post=2082"}],"wp:featuredmedia":[{"embeddable":true,"href":"https:\/\/michelloutletshopping.com\/cs\/wp-json\/wp\/v2\/media\/2080"}],"wp:attachment":[{"href":"https:\/\/michelloutletshopping.com\/cs\/wp-json\/wp\/v2\/media?parent=2082"}],"wp:term":[{"taxonomy":"product_brand","embeddable":true,"href":"https:\/\/michelloutletshopping.com\/cs\/wp-json\/wp\/v2\/product_brand?post=2082"},{"taxonomy":"product_cat","embeddable":true,"href":"https:\/\/michelloutletshopping.com\/cs\/wp-json\/wp\/v2\/product_cat?post=2082"},{"taxonomy":"product_tag","embeddable":true,"href":"https:\/\/michelloutletshopping.com\/cs\/wp-json\/wp\/v2\/product_tag?post=2082"}],"curies":[{"name":"wp","href":"https:\/\/api.w.org\/{rel}","templated":true}]}}