{"id":2099,"date":"2026-05-06T17:20:33","date_gmt":"2026-05-06T17:20:33","guid":{"rendered":"https:\/\/michelloutletshopping.com\/product\/saty-s-prustrihem-a-uzlem-na-zadech\/"},"modified":"2026-05-06T17:20:33","modified_gmt":"2026-05-06T17:20:33","slug":"saty-s-prustrihem-a-uzlem-na-zadech","status":"publish","type":"product","link":"https:\/\/michelloutletshopping.com\/cs\/produkt\/saty-s-prustrihem-a-uzlem-na-zadech\/","title":{"rendered":"\u0160aty s pr\u016fst\u0159ihem a uzlem na z\u00e1dech"},"content":{"rendered":"<p>Dlouh\u00e9 \u0161aty s jednoduch\u00fdm p\u0159edn\u00edm d\u00edlem a v\u00fdrazn\u00fdm zadn\u00edm detailem.<br \/>\u010cist\u00fd st\u0159ih zv\u00fdraz\u0148uje postavu, zat\u00edmco zadn\u00ed \u010d\u00e1st s pr\u016fst\u0159ihem a uzlem dod\u00e1v\u00e1 originalitu a \u017eenskost.<br \/>Ide\u00e1ln\u00ed na ve\u010dern\u00ed p\u0159\u00edle\u017eitosti.<\/p>\n","protected":false},"excerpt":{"rendered":"<p>Elegantn\u00ed \u0161aty s pr\u016fst\u0159ihem a uzlem na z\u00e1dech.<\/p>\n","protected":false},"featured_media":2096,"comment_status":"open","ping_status":"closed","template":"","meta":[],"product_brand":[],"product_cat":[74],"product_tag":[],"class_list":{"0":"post-2099","1":"product","2":"type-product","3":"status-publish","4":"has-post-thumbnail","6":"product_cat-saty-2","8":"first","9":"instock","10":"taxable","11":"shipping-taxable","12":"purchasable","13":"product-type-variable"},"jetpack_sharing_enabled":true,"_links":{"self":[{"href":"https:\/\/michelloutletshopping.com\/cs\/wp-json\/wp\/v2\/product\/2099","targetHints":{"allow":["GET"]}}],"collection":[{"href":"https:\/\/michelloutletshopping.com\/cs\/wp-json\/wp\/v2\/product"}],"about":[{"href":"https:\/\/michelloutletshopping.com\/cs\/wp-json\/wp\/v2\/types\/product"}],"replies":[{"embeddable":true,"href":"https:\/\/michelloutletshopping.com\/cs\/wp-json\/wp\/v2\/comments?post=2099"}],"wp:featuredmedia":[{"embeddable":true,"href":"https:\/\/michelloutletshopping.com\/cs\/wp-json\/wp\/v2\/media\/2096"}],"wp:attachment":[{"href":"https:\/\/michelloutletshopping.com\/cs\/wp-json\/wp\/v2\/media?parent=2099"}],"wp:term":[{"taxonomy":"product_brand","embeddable":true,"href":"https:\/\/michelloutletshopping.com\/cs\/wp-json\/wp\/v2\/product_brand?post=2099"},{"taxonomy":"product_cat","embeddable":true,"href":"https:\/\/michelloutletshopping.com\/cs\/wp-json\/wp\/v2\/product_cat?post=2099"},{"taxonomy":"product_tag","embeddable":true,"href":"https:\/\/michelloutletshopping.com\/cs\/wp-json\/wp\/v2\/product_tag?post=2099"}],"curies":[{"name":"wp","href":"https:\/\/api.w.org\/{rel}","templated":true}]}}