{"id":2108,"date":"2026-05-06T17:30:38","date_gmt":"2026-05-06T17:30:38","guid":{"rendered":"https:\/\/michelloutletshopping.com\/product\/kratke-jednoduche-saty\/"},"modified":"2026-05-06T17:30:38","modified_gmt":"2026-05-06T17:30:38","slug":"kratke-jednoduche-saty","status":"publish","type":"product","link":"https:\/\/michelloutletshopping.com\/cs\/produkt\/kratke-jednoduche-saty\/","title":{"rendered":"Kr\u00e1tk\u00e9 jednoduch\u00e9 \u0161aty"},"content":{"rendered":"<p data-start=\"736\" data-end=\"784\">Kr\u00e1tk\u00e9 \u0161aty s jednoduch\u00fdm a \u010dist\u00fdm designem.<\/p>\n<p data-start=\"786\" data-end=\"913\">Minimalistick\u00fd st\u0159ih zv\u00fdraz\u0148uje postavu a zaji\u0161\u0165uje univerz\u00e1ln\u00ed vyu\u017eit\u00ed na den i ve\u010der.<\/p>\n<p data-start=\"915\" data-end=\"950\">A must-have piece for any wardrobe.<\/p>\n","protected":false},"excerpt":{"rendered":"<p>Z\u00e1kladn\u00ed kousek do ka\u017ed\u00e9ho \u0161atn\u00edku.<\/p>\n","protected":false},"featured_media":2106,"comment_status":"open","ping_status":"closed","template":"","meta":[],"product_brand":[],"product_cat":[74],"product_tag":[],"class_list":{"0":"post-2108","1":"product","2":"type-product","3":"status-publish","4":"has-post-thumbnail","6":"product_cat-saty-2","8":"first","9":"instock","10":"taxable","11":"shipping-taxable","12":"purchasable","13":"product-type-simple"},"jetpack_sharing_enabled":true,"_links":{"self":[{"href":"https:\/\/michelloutletshopping.com\/cs\/wp-json\/wp\/v2\/product\/2108","targetHints":{"allow":["GET"]}}],"collection":[{"href":"https:\/\/michelloutletshopping.com\/cs\/wp-json\/wp\/v2\/product"}],"about":[{"href":"https:\/\/michelloutletshopping.com\/cs\/wp-json\/wp\/v2\/types\/product"}],"replies":[{"embeddable":true,"href":"https:\/\/michelloutletshopping.com\/cs\/wp-json\/wp\/v2\/comments?post=2108"}],"wp:featuredmedia":[{"embeddable":true,"href":"https:\/\/michelloutletshopping.com\/cs\/wp-json\/wp\/v2\/media\/2106"}],"wp:attachment":[{"href":"https:\/\/michelloutletshopping.com\/cs\/wp-json\/wp\/v2\/media?parent=2108"}],"wp:term":[{"taxonomy":"product_brand","embeddable":true,"href":"https:\/\/michelloutletshopping.com\/cs\/wp-json\/wp\/v2\/product_brand?post=2108"},{"taxonomy":"product_cat","embeddable":true,"href":"https:\/\/michelloutletshopping.com\/cs\/wp-json\/wp\/v2\/product_cat?post=2108"},{"taxonomy":"product_tag","embeddable":true,"href":"https:\/\/michelloutletshopping.com\/cs\/wp-json\/wp\/v2\/product_tag?post=2108"}],"curies":[{"name":"wp","href":"https:\/\/api.w.org\/{rel}","templated":true}]}}