{"id":2151,"date":"2026-05-06T18:21:04","date_gmt":"2026-05-06T18:21:04","guid":{"rendered":"https:\/\/michelloutletshopping.com\/product\/pruhovana-halenka-s-masli\/"},"modified":"2026-05-06T18:21:04","modified_gmt":"2026-05-06T18:21:04","slug":"pruhovana-halenka-s-masli","status":"publish","type":"product","link":"https:\/\/michelloutletshopping.com\/cs\/produkt\/pruhovana-halenka-s-masli\/","title":{"rendered":"Pruhovan\u00e1 halenka s ma\u0161l\u00ed"},"content":{"rendered":"<p>Elegantn\u00ed pruhovan\u00e1 halenka s v\u00fdraznou ma\u0161l\u00ed vp\u0159edu, kter\u00e1 dod\u00e1v\u00e1 \u017eenskost a styl.<br \/>Voln\u011bj\u0161\u00ed st\u0159ih bez ruk\u00e1v\u016f zaji\u0161\u0165uje pohodl\u00ed a volnost pohybu, zat\u00edmco detail ma\u0161le vytv\u00e1\u0159\u00ed sofistikovan\u00fd vzhled.<br \/>Ide\u00e1ln\u00ed pro le\u017e\u00e9rn\u011b elegantn\u00ed i upraven\u011bj\u0161\u00ed outfity.<\/p>\n","protected":false},"excerpt":{"rendered":"<p>Pruhovan\u00e1 halenka bez ruk\u00e1v\u016f s elegantn\u00ed ma\u0161l\u00ed, ide\u00e1ln\u00ed pro stylov\u00e9 outfity.<\/p>\n","protected":false},"featured_media":2154,"comment_status":"open","ping_status":"closed","template":"","meta":[],"product_brand":[],"product_cat":[64],"product_tag":[],"class_list":{"0":"post-2151","1":"product","2":"type-product","3":"status-publish","4":"has-post-thumbnail","6":"product_cat-tilko","8":"first","9":"instock","10":"taxable","11":"shipping-taxable","12":"purchasable","13":"product-type-simple"},"jetpack_sharing_enabled":true,"_links":{"self":[{"href":"https:\/\/michelloutletshopping.com\/cs\/wp-json\/wp\/v2\/product\/2151","targetHints":{"allow":["GET"]}}],"collection":[{"href":"https:\/\/michelloutletshopping.com\/cs\/wp-json\/wp\/v2\/product"}],"about":[{"href":"https:\/\/michelloutletshopping.com\/cs\/wp-json\/wp\/v2\/types\/product"}],"replies":[{"embeddable":true,"href":"https:\/\/michelloutletshopping.com\/cs\/wp-json\/wp\/v2\/comments?post=2151"}],"wp:featuredmedia":[{"embeddable":true,"href":"https:\/\/michelloutletshopping.com\/cs\/wp-json\/wp\/v2\/media\/2154"}],"wp:attachment":[{"href":"https:\/\/michelloutletshopping.com\/cs\/wp-json\/wp\/v2\/media?parent=2151"}],"wp:term":[{"taxonomy":"product_brand","embeddable":true,"href":"https:\/\/michelloutletshopping.com\/cs\/wp-json\/wp\/v2\/product_brand?post=2151"},{"taxonomy":"product_cat","embeddable":true,"href":"https:\/\/michelloutletshopping.com\/cs\/wp-json\/wp\/v2\/product_cat?post=2151"},{"taxonomy":"product_tag","embeddable":true,"href":"https:\/\/michelloutletshopping.com\/cs\/wp-json\/wp\/v2\/product_tag?post=2151"}],"curies":[{"name":"wp","href":"https:\/\/api.w.org\/{rel}","templated":true}]}}