{"id":2165,"date":"2026-05-06T18:34:21","date_gmt":"2026-05-06T18:34:21","guid":{"rendered":"https:\/\/michelloutletshopping.com\/product\/dlouha-oversize-kosile\/"},"modified":"2026-05-06T18:34:21","modified_gmt":"2026-05-06T18:34:21","slug":"dlouha-oversize-kosile","status":"publish","type":"product","link":"https:\/\/michelloutletshopping.com\/cs\/produkt\/dlouha-oversize-kosile\/","title":{"rendered":"Dlouh\u00e1 oversize ko\u0161ile"},"content":{"rendered":"<p data-start=\"888\" data-end=\"975\">Dlouh\u00e1 oversize ko\u0161ile s voln\u00fdm a lehk\u00fdm st\u0159ihem pro maxim\u00e1ln\u00ed pohodl\u00ed.<\/p>\n<p data-start=\"977\" data-end=\"1120\">Minimalistick\u00fd design s klasick\u00fdm l\u00edme\u010dkem a skryt\u00fdm zap\u00edn\u00e1n\u00edm p\u016fsob\u00ed modern\u011b a \u010dist\u011b. Nastaviteln\u00e9 ruk\u00e1vy zvy\u0161uj\u00ed prakti\u010dnost. <\/p>\n<p data-start=\"1122\" data-end=\"1194\">Lze nosit jako ko\u0161ili, mini \u0161aty nebo p\u0159es leg\u00edny \u010di kalhoty.<\/p>\n","protected":false},"excerpt":{"rendered":"<p>Dlouh\u00e1 oversize ko\u0161ile s \u010dist\u00fdm designem, ide\u00e1ln\u00ed pro ka\u017edodenn\u00ed outfit.<\/p>\n","protected":false},"featured_media":2174,"comment_status":"open","ping_status":"closed","template":"","meta":[],"product_brand":[],"product_cat":[88],"product_tag":[],"class_list":{"0":"post-2165","1":"product","2":"type-product","3":"status-publish","4":"has-post-thumbnail","6":"product_cat-kosile","8":"first","9":"instock","10":"taxable","11":"shipping-taxable","12":"purchasable","13":"product-type-variable"},"jetpack_sharing_enabled":true,"_links":{"self":[{"href":"https:\/\/michelloutletshopping.com\/cs\/wp-json\/wp\/v2\/product\/2165","targetHints":{"allow":["GET"]}}],"collection":[{"href":"https:\/\/michelloutletshopping.com\/cs\/wp-json\/wp\/v2\/product"}],"about":[{"href":"https:\/\/michelloutletshopping.com\/cs\/wp-json\/wp\/v2\/types\/product"}],"replies":[{"embeddable":true,"href":"https:\/\/michelloutletshopping.com\/cs\/wp-json\/wp\/v2\/comments?post=2165"}],"wp:featuredmedia":[{"embeddable":true,"href":"https:\/\/michelloutletshopping.com\/cs\/wp-json\/wp\/v2\/media\/2174"}],"wp:attachment":[{"href":"https:\/\/michelloutletshopping.com\/cs\/wp-json\/wp\/v2\/media?parent=2165"}],"wp:term":[{"taxonomy":"product_brand","embeddable":true,"href":"https:\/\/michelloutletshopping.com\/cs\/wp-json\/wp\/v2\/product_brand?post=2165"},{"taxonomy":"product_cat","embeddable":true,"href":"https:\/\/michelloutletshopping.com\/cs\/wp-json\/wp\/v2\/product_cat?post=2165"},{"taxonomy":"product_tag","embeddable":true,"href":"https:\/\/michelloutletshopping.com\/cs\/wp-json\/wp\/v2\/product_tag?post=2165"}],"curies":[{"name":"wp","href":"https:\/\/api.w.org\/{rel}","templated":true}]}}