{"id":2190,"date":"2026-05-06T19:45:58","date_gmt":"2026-05-06T19:45:58","guid":{"rendered":"https:\/\/michelloutletshopping.com\/product\/oversize-basic-tricko-cest-la-vie\/"},"modified":"2026-05-06T19:45:58","modified_gmt":"2026-05-06T19:45:58","slug":"oversize-basic-tricko-cest-la-vie","status":"publish","type":"product","link":"https:\/\/michelloutletshopping.com\/cs\/produkt\/oversize-basic-tricko-cest-la-vie\/","title":{"rendered":"Oversize basic tri\u010dko &#8222;C&#8217;est la vie&#8220;"},"content":{"rendered":"<p>Oversize tri\u010dko s voln\u00fdm a pohodln\u00fdm st\u0159ihem, ide\u00e1ln\u00ed pro ka\u017edodenn\u00ed no\u0161en\u00ed.<\/p>\n<p>Minimalistick\u00fd design dopl\u0148uje mal\u00fd n\u00e1pis na p\u0159edn\u00ed stran\u011b, kter\u00fd dod\u00e1v\u00e1 modern\u00ed vzhled. \u0160irok\u00e9 ruk\u00e1vy a voln\u00fd st\u0159ih zaji\u0161\u0165uj\u00ed maxim\u00e1ln\u00ed komfort. <\/p>\n<p>Snadno kombinovateln\u00e9 s d\u017e\u00edny, \u0161ortkami nebo leg\u00ednami.<\/p>\n","protected":false},"excerpt":{"rendered":"<p>Oversize tri\u010dko s minimalistick\u00fdm designem, ide\u00e1ln\u00ed pro ka\u017edodenn\u00ed pohodl\u00ed.<\/p>\n","protected":false},"featured_media":2198,"comment_status":"open","ping_status":"closed","template":"","meta":[],"product_brand":[],"product_cat":[96],"product_tag":[97],"class_list":{"0":"post-2190","1":"product","2":"type-product","3":"status-publish","4":"has-post-thumbnail","6":"product_cat-tricko-2","7":"product_tag-tricko","9":"first","10":"instock","11":"taxable","12":"shipping-taxable","13":"purchasable","14":"product-type-variable"},"jetpack_sharing_enabled":true,"_links":{"self":[{"href":"https:\/\/michelloutletshopping.com\/cs\/wp-json\/wp\/v2\/product\/2190","targetHints":{"allow":["GET"]}}],"collection":[{"href":"https:\/\/michelloutletshopping.com\/cs\/wp-json\/wp\/v2\/product"}],"about":[{"href":"https:\/\/michelloutletshopping.com\/cs\/wp-json\/wp\/v2\/types\/product"}],"replies":[{"embeddable":true,"href":"https:\/\/michelloutletshopping.com\/cs\/wp-json\/wp\/v2\/comments?post=2190"}],"wp:featuredmedia":[{"embeddable":true,"href":"https:\/\/michelloutletshopping.com\/cs\/wp-json\/wp\/v2\/media\/2198"}],"wp:attachment":[{"href":"https:\/\/michelloutletshopping.com\/cs\/wp-json\/wp\/v2\/media?parent=2190"}],"wp:term":[{"taxonomy":"product_brand","embeddable":true,"href":"https:\/\/michelloutletshopping.com\/cs\/wp-json\/wp\/v2\/product_brand?post=2190"},{"taxonomy":"product_cat","embeddable":true,"href":"https:\/\/michelloutletshopping.com\/cs\/wp-json\/wp\/v2\/product_cat?post=2190"},{"taxonomy":"product_tag","embeddable":true,"href":"https:\/\/michelloutletshopping.com\/cs\/wp-json\/wp\/v2\/product_tag?post=2190"}],"curies":[{"name":"wp","href":"https:\/\/api.w.org\/{rel}","templated":true}]}}