{"id":2204,"date":"2026-05-06T19:59:44","date_gmt":"2026-05-06T19:59:44","guid":{"rendered":"https:\/\/michelloutletshopping.com\/product\/dlouhe-basic-saty-s-volnym-strihem\/"},"modified":"2026-05-06T20:08:24","modified_gmt":"2026-05-06T20:08:24","slug":"dlouhe-basic-saty-s-volnym-strihem","status":"publish","type":"product","link":"https:\/\/michelloutletshopping.com\/cs\/produkt\/dlouhe-basic-saty-s-volnym-strihem\/","title":{"rendered":"Dlouh\u00e9 basic \u0161aty s voln\u00fdm st\u0159ihem"},"content":{"rendered":"<p>Dlouh\u00e9 \u0161aty s minimalistick\u00fdm designem a voln\u00fdm, spl\u00fdvav\u00fdm st\u0159ihem.<\/p>\n<p>Voln\u00fd st\u0159ih zaji\u0161\u0165uje maxim\u00e1ln\u00ed pohodl\u00ed, ide\u00e1ln\u00ed na tepl\u00e9 dny nebo le\u017e\u00e9rn\u00ed outfit. Materi\u00e1l se p\u0159irozen\u011b p\u0159izp\u016fsobuje pohybu t\u011bla. <\/p>\n<p>Snadno kombinovateln\u00e9 se sand\u00e1ly nebo dopl\u0148ky.<\/p>\n","protected":false},"excerpt":{"rendered":"<p>Dlouh\u00e9 voln\u00e9 \u0161aty, ide\u00e1ln\u00ed pro pohodl\u00ed a jednoduch\u00fd styl.<\/p>\n","protected":false},"featured_media":2206,"comment_status":"open","ping_status":"closed","template":"","meta":[],"product_brand":[],"product_cat":[74],"product_tag":[],"class_list":{"0":"post-2204","1":"product","2":"type-product","3":"status-publish","4":"has-post-thumbnail","6":"product_cat-saty-2","8":"first","9":"instock","10":"taxable","11":"shipping-taxable","12":"purchasable","13":"product-type-simple"},"jetpack_sharing_enabled":true,"_links":{"self":[{"href":"https:\/\/michelloutletshopping.com\/cs\/wp-json\/wp\/v2\/product\/2204","targetHints":{"allow":["GET"]}}],"collection":[{"href":"https:\/\/michelloutletshopping.com\/cs\/wp-json\/wp\/v2\/product"}],"about":[{"href":"https:\/\/michelloutletshopping.com\/cs\/wp-json\/wp\/v2\/types\/product"}],"replies":[{"embeddable":true,"href":"https:\/\/michelloutletshopping.com\/cs\/wp-json\/wp\/v2\/comments?post=2204"}],"wp:featuredmedia":[{"embeddable":true,"href":"https:\/\/michelloutletshopping.com\/cs\/wp-json\/wp\/v2\/media\/2206"}],"wp:attachment":[{"href":"https:\/\/michelloutletshopping.com\/cs\/wp-json\/wp\/v2\/media?parent=2204"}],"wp:term":[{"taxonomy":"product_brand","embeddable":true,"href":"https:\/\/michelloutletshopping.com\/cs\/wp-json\/wp\/v2\/product_brand?post=2204"},{"taxonomy":"product_cat","embeddable":true,"href":"https:\/\/michelloutletshopping.com\/cs\/wp-json\/wp\/v2\/product_cat?post=2204"},{"taxonomy":"product_tag","embeddable":true,"href":"https:\/\/michelloutletshopping.com\/cs\/wp-json\/wp\/v2\/product_tag?post=2204"}],"curies":[{"name":"wp","href":"https:\/\/api.w.org\/{rel}","templated":true}]}}