{"id":2226,"date":"2026-05-06T20:13:33","date_gmt":"2026-05-06T20:13:33","guid":{"rendered":"https:\/\/michelloutletshopping.com\/product\/basic-saty-s-kapsami\/"},"modified":"2026-05-06T20:13:33","modified_gmt":"2026-05-06T20:13:33","slug":"basic-saty-s-kapsami","status":"publish","type":"product","link":"https:\/\/michelloutletshopping.com\/cs\/produkt\/basic-saty-s-kapsami\/","title":{"rendered":"Basic \u0161aty s kapsami"},"content":{"rendered":"<p>Jednoduch\u00e9 a pohodln\u00e9 \u0161aty ide\u00e1ln\u00ed na ka\u017ed\u00fd den.<\/p>\n<p>Voln\u00fd st\u0159ih neobep\u00edn\u00e1 t\u011blo, kr\u00e1tk\u00e9 ruk\u00e1vy a lehk\u00fd materi\u00e1l jsou ide\u00e1ln\u00ed pro teplej\u0161\u00ed dny. Praktick\u00e9 bo\u010dn\u00ed kapsy zvy\u0161uj\u00ed pohodl\u00ed. <\/p>\n<p>Univerz\u00e1ln\u00ed kousek vhodn\u00fd na doma i na b\u011b\u017en\u00e9 no\u0161en\u00ed.<\/p>\n","protected":false},"excerpt":{"rendered":"<p>Pohodln\u00e9 basic \u0161aty s vo\u013en\u00fdm strihom a praktick\u00fdmi kapsami.<\/p>\n","protected":false},"featured_media":2221,"comment_status":"open","ping_status":"closed","template":"","meta":[],"product_brand":[],"product_cat":[74],"product_tag":[],"class_list":{"0":"post-2226","1":"product","2":"type-product","3":"status-publish","4":"has-post-thumbnail","6":"product_cat-saty-2","8":"first","9":"instock","10":"taxable","11":"shipping-taxable","12":"purchasable","13":"product-type-variable"},"jetpack_sharing_enabled":true,"_links":{"self":[{"href":"https:\/\/michelloutletshopping.com\/cs\/wp-json\/wp\/v2\/product\/2226","targetHints":{"allow":["GET"]}}],"collection":[{"href":"https:\/\/michelloutletshopping.com\/cs\/wp-json\/wp\/v2\/product"}],"about":[{"href":"https:\/\/michelloutletshopping.com\/cs\/wp-json\/wp\/v2\/types\/product"}],"replies":[{"embeddable":true,"href":"https:\/\/michelloutletshopping.com\/cs\/wp-json\/wp\/v2\/comments?post=2226"}],"wp:featuredmedia":[{"embeddable":true,"href":"https:\/\/michelloutletshopping.com\/cs\/wp-json\/wp\/v2\/media\/2221"}],"wp:attachment":[{"href":"https:\/\/michelloutletshopping.com\/cs\/wp-json\/wp\/v2\/media?parent=2226"}],"wp:term":[{"taxonomy":"product_brand","embeddable":true,"href":"https:\/\/michelloutletshopping.com\/cs\/wp-json\/wp\/v2\/product_brand?post=2226"},{"taxonomy":"product_cat","embeddable":true,"href":"https:\/\/michelloutletshopping.com\/cs\/wp-json\/wp\/v2\/product_cat?post=2226"},{"taxonomy":"product_tag","embeddable":true,"href":"https:\/\/michelloutletshopping.com\/cs\/wp-json\/wp\/v2\/product_tag?post=2226"}],"curies":[{"name":"wp","href":"https:\/\/api.w.org\/{rel}","templated":true}]}}