{"id":2263,"date":"2026-05-06T21:56:33","date_gmt":"2026-05-06T21:56:33","guid":{"rendered":"https:\/\/michelloutletshopping.com\/product\/siroke-kalhoty-s-elastickym-pasem\/"},"modified":"2026-05-06T21:56:33","modified_gmt":"2026-05-06T21:56:33","slug":"siroke-kalhoty-s-elastickym-pasem","status":"publish","type":"product","link":"https:\/\/michelloutletshopping.com\/cs\/produkt\/siroke-kalhoty-s-elastickym-pasem\/","title":{"rendered":"\u0160irok\u00e9 kalhoty s elastick\u00fdm pasem"},"content":{"rendered":"<p>Dlouh\u00e9 kalhoty s voln\u00fdm st\u0159ihem, navr\u017een\u00e9 pro maxim\u00e1ln\u00ed pohodl\u00ed a volnost pohybu.<br \/>Elastick\u00fd pas zaji\u0161\u0165uje snadn\u00e9 p\u0159izp\u016fsoben\u00ed r\u016fzn\u00fdm typ\u016fm postavy bez nep\u0159\u00edjemn\u00e9ho stahov\u00e1n\u00ed.<br \/>Lehk\u00fd a m\u011bkk\u00fd materi\u00e1l se p\u0159irozen\u011b p\u0159izp\u016fsob\u00ed pohybu, ide\u00e1ln\u00ed pro ka\u017edodenn\u00ed no\u0161en\u00ed i voln\u00fd \u010das.<br \/>Univerz\u00e1ln\u00ed kousek, kter\u00fd spojuje pohodl\u00ed a styl.<\/p>\n","protected":false},"excerpt":{"rendered":"<p>\u0160irok\u00e9 kalhoty s elastick\u00fdm pasem, lehk\u00e9 a pohodln\u00e9, ide\u00e1ln\u00ed na ka\u017ed\u00fd den.<\/p>\n","protected":false},"featured_media":2250,"comment_status":"open","ping_status":"closed","template":"","meta":[],"product_brand":[],"product_cat":[105],"product_tag":[],"class_list":{"0":"post-2263","1":"product","2":"type-product","3":"status-publish","4":"has-post-thumbnail","6":"product_cat-kalhoty-3","8":"first","9":"instock","10":"taxable","11":"shipping-taxable","12":"purchasable","13":"product-type-variable"},"jetpack_sharing_enabled":true,"_links":{"self":[{"href":"https:\/\/michelloutletshopping.com\/cs\/wp-json\/wp\/v2\/product\/2263","targetHints":{"allow":["GET"]}}],"collection":[{"href":"https:\/\/michelloutletshopping.com\/cs\/wp-json\/wp\/v2\/product"}],"about":[{"href":"https:\/\/michelloutletshopping.com\/cs\/wp-json\/wp\/v2\/types\/product"}],"replies":[{"embeddable":true,"href":"https:\/\/michelloutletshopping.com\/cs\/wp-json\/wp\/v2\/comments?post=2263"}],"wp:featuredmedia":[{"embeddable":true,"href":"https:\/\/michelloutletshopping.com\/cs\/wp-json\/wp\/v2\/media\/2250"}],"wp:attachment":[{"href":"https:\/\/michelloutletshopping.com\/cs\/wp-json\/wp\/v2\/media?parent=2263"}],"wp:term":[{"taxonomy":"product_brand","embeddable":true,"href":"https:\/\/michelloutletshopping.com\/cs\/wp-json\/wp\/v2\/product_brand?post=2263"},{"taxonomy":"product_cat","embeddable":true,"href":"https:\/\/michelloutletshopping.com\/cs\/wp-json\/wp\/v2\/product_cat?post=2263"},{"taxonomy":"product_tag","embeddable":true,"href":"https:\/\/michelloutletshopping.com\/cs\/wp-json\/wp\/v2\/product_tag?post=2263"}],"curies":[{"name":"wp","href":"https:\/\/api.w.org\/{rel}","templated":true}]}}