{"id":2330,"date":"2026-05-06T22:27:26","date_gmt":"2026-05-06T22:27:26","guid":{"rendered":"https:\/\/michelloutletshopping.com\/product\/dlouha-sukne-s-paskem\/"},"modified":"2026-05-06T22:27:26","modified_gmt":"2026-05-06T22:27:26","slug":"dlouha-sukne-s-paskem","status":"publish","type":"product","link":"https:\/\/michelloutletshopping.com\/cs\/produkt\/dlouha-sukne-s-paskem\/","title":{"rendered":"Dlouh\u00e1 sukn\u011b s p\u00e1skem"},"content":{"rendered":"<p>Dlouh\u00e1 sukn\u011b s lehk\u00fdm a spl\u00fdvav\u00fdm st\u0159ihem, navr\u017een\u00e1 pro maxim\u00e1ln\u00ed pohodl\u00ed a volnost pohybu.<br \/>\nVrstven\u00fd design dod\u00e1v\u00e1 objem a \u017eenskost, \u010d\u00edm\u017e vytv\u00e1\u0159\u00ed jemn\u00fd a dynamick\u00fd efekt p\u0159i ch\u016fzi.<br \/>\nDekorativn\u00ed p\u00e1sek s kulatou sponou zv\u00fdraz\u0148uje pas a dod\u00e1v\u00e1 p\u0159irozen\u00fd a elegantn\u00ed detail.<br \/>\nIde\u00e1ln\u00ed pro letn\u00ed outfity, dovolenou nebo voln\u00e9 dny s n\u00e1dechem elegance.<\/p>\n","protected":false},"excerpt":{"rendered":"<p>Dlouh\u00e1 spl\u00fdvav\u00e1 sukn\u011b s vrstven\u00edm a ozdobn\u00fdm p\u00e1skem. Lehk\u00e1, \u017eensk\u00e1 a ide\u00e1ln\u00ed pro letn\u00ed i elegantn\u011b le\u017e\u00e9rn\u00ed outfity. <\/p>\n","protected":false},"featured_media":2321,"comment_status":"open","ping_status":"closed","template":"","meta":[],"product_brand":[],"product_cat":[45],"product_tag":[],"class_list":{"0":"post-2330","1":"product","2":"type-product","3":"status-publish","4":"has-post-thumbnail","6":"product_cat-sukne","8":"first","9":"instock","10":"taxable","11":"shipping-taxable","12":"purchasable","13":"product-type-simple"},"jetpack_sharing_enabled":true,"_links":{"self":[{"href":"https:\/\/michelloutletshopping.com\/cs\/wp-json\/wp\/v2\/product\/2330","targetHints":{"allow":["GET"]}}],"collection":[{"href":"https:\/\/michelloutletshopping.com\/cs\/wp-json\/wp\/v2\/product"}],"about":[{"href":"https:\/\/michelloutletshopping.com\/cs\/wp-json\/wp\/v2\/types\/product"}],"replies":[{"embeddable":true,"href":"https:\/\/michelloutletshopping.com\/cs\/wp-json\/wp\/v2\/comments?post=2330"}],"wp:featuredmedia":[{"embeddable":true,"href":"https:\/\/michelloutletshopping.com\/cs\/wp-json\/wp\/v2\/media\/2321"}],"wp:attachment":[{"href":"https:\/\/michelloutletshopping.com\/cs\/wp-json\/wp\/v2\/media?parent=2330"}],"wp:term":[{"taxonomy":"product_brand","embeddable":true,"href":"https:\/\/michelloutletshopping.com\/cs\/wp-json\/wp\/v2\/product_brand?post=2330"},{"taxonomy":"product_cat","embeddable":true,"href":"https:\/\/michelloutletshopping.com\/cs\/wp-json\/wp\/v2\/product_cat?post=2330"},{"taxonomy":"product_tag","embeddable":true,"href":"https:\/\/michelloutletshopping.com\/cs\/wp-json\/wp\/v2\/product_tag?post=2330"}],"curies":[{"name":"wp","href":"https:\/\/api.w.org\/{rel}","templated":true}]}}