{"id":2344,"date":"2026-05-06T22:40:11","date_gmt":"2026-05-06T22:40:11","guid":{"rendered":"https:\/\/michelloutletshopping.com\/product\/dlouhe-saty-s-nastavitelnymi-raminky\/"},"modified":"2026-05-06T22:48:59","modified_gmt":"2026-05-06T22:48:59","slug":"dlouhe-saty-s-nastavitelnymi-raminky","status":"publish","type":"product","link":"https:\/\/michelloutletshopping.com\/cs\/produkt\/dlouhe-saty-s-nastavitelnymi-raminky\/","title":{"rendered":"Dlouh\u00e9 \u0161aty s nastaviteln\u00fdmi ram\u00ednky"},"content":{"rendered":"<p>Dlouh\u00e9 \u0161aty s lehk\u00fdm a spl\u00fdvav\u00fdm st\u0159ihem, navr\u017een\u00e9 pro maxim\u00e1ln\u00ed pohodl\u00ed a volnost pohybu.<br \/>Vrstven\u00fd design dod\u00e1v\u00e1 objem a \u017eenskost a vytv\u00e1\u0159\u00ed jemn\u00fd a dynamick\u00fd efekt p\u0159i ch\u016fzi.<br \/>Nastaviteln\u00e1 ram\u00ednka na zavazov\u00e1n\u00ed umo\u017e\u0148uj\u00ed p\u0159izp\u016fsoben\u00ed st\u0159ihu a p\u0159irozen\u011b zv\u00fdraz\u0148uj\u00ed postavu.<br \/>Ide\u00e1ln\u00ed na letn\u00ed dny, dovolenou nebo le\u017e\u00e9rn\u00ed outfity s elegantn\u00edm n\u00e1dechem.<\/p>\n","protected":false},"excerpt":{"rendered":"<p>Dlouh\u00e9 spl\u00fdvav\u00e9 \u0161aty s vrstven\u00edm a nastaviteln\u00fdmi ram\u00ednky. Lehk\u00e9, \u017eensk\u00e9 a ide\u00e1ln\u00ed pro letn\u00ed i elegantn\u011b le\u017e\u00e9rn\u00ed outfity. <\/p>\n","protected":false},"featured_media":2354,"comment_status":"open","ping_status":"closed","template":"","meta":[],"product_brand":[],"product_cat":[74],"product_tag":[],"class_list":{"0":"post-2344","1":"product","2":"type-product","3":"status-publish","4":"has-post-thumbnail","6":"product_cat-saty-2","8":"first","9":"instock","10":"taxable","11":"shipping-taxable","12":"purchasable","13":"product-type-variable"},"jetpack_sharing_enabled":true,"_links":{"self":[{"href":"https:\/\/michelloutletshopping.com\/cs\/wp-json\/wp\/v2\/product\/2344","targetHints":{"allow":["GET"]}}],"collection":[{"href":"https:\/\/michelloutletshopping.com\/cs\/wp-json\/wp\/v2\/product"}],"about":[{"href":"https:\/\/michelloutletshopping.com\/cs\/wp-json\/wp\/v2\/types\/product"}],"replies":[{"embeddable":true,"href":"https:\/\/michelloutletshopping.com\/cs\/wp-json\/wp\/v2\/comments?post=2344"}],"wp:featuredmedia":[{"embeddable":true,"href":"https:\/\/michelloutletshopping.com\/cs\/wp-json\/wp\/v2\/media\/2354"}],"wp:attachment":[{"href":"https:\/\/michelloutletshopping.com\/cs\/wp-json\/wp\/v2\/media?parent=2344"}],"wp:term":[{"taxonomy":"product_brand","embeddable":true,"href":"https:\/\/michelloutletshopping.com\/cs\/wp-json\/wp\/v2\/product_brand?post=2344"},{"taxonomy":"product_cat","embeddable":true,"href":"https:\/\/michelloutletshopping.com\/cs\/wp-json\/wp\/v2\/product_cat?post=2344"},{"taxonomy":"product_tag","embeddable":true,"href":"https:\/\/michelloutletshopping.com\/cs\/wp-json\/wp\/v2\/product_tag?post=2344"}],"curies":[{"name":"wp","href":"https:\/\/api.w.org\/{rel}","templated":true}]}}