{"id":2366,"date":"2026-05-06T22:56:39","date_gmt":"2026-05-06T22:56:39","guid":{"rendered":"https:\/\/michelloutletshopping.com\/product\/kratke-saty-s-tenkymi-raminky\/"},"modified":"2026-05-06T22:56:39","modified_gmt":"2026-05-06T22:56:39","slug":"kratke-saty-s-tenkymi-raminky","status":"publish","type":"product","link":"https:\/\/michelloutletshopping.com\/cs\/produkt\/kratke-saty-s-tenkymi-raminky\/","title":{"rendered":"Kr\u00e1tk\u00e9 \u0161aty s tenk\u00fdmi ram\u00ednky"},"content":{"rendered":"<p>Kr\u00e1tk\u00e9 \u0161aty s jednoduch\u00fdm a \u017eensk\u00fdm designem, s voln\u00fdm st\u0159ihem, kter\u00fd lehce spl\u00fdv\u00e1 po t\u011ble.<br \/>Tenk\u00e1 ram\u00ednka a jemn\u00fd v\u00fdst\u0159ih zv\u00fdraz\u0148uj\u00ed postavu, zat\u00edmco spodn\u00ed vol\u00e1n dod\u00e1v\u00e1 pohyb a dynamiku.<br \/>Praktick\u00fd a univerz\u00e1ln\u00ed kousek, ide\u00e1ln\u00ed na letn\u00ed dny, vhodn\u00fd jak pro volno\u010dasov\u00e9, tak elegantn\u011bj\u0161\u00ed outfity.<\/p>\n","protected":false},"excerpt":{"rendered":"<p>Kr\u00e1tk\u00e9 \u0161aty s tenk\u00fdmi ram\u00ednky a vol\u00e1nem dole. Lehk\u00e9, \u017eensk\u00e9 a ide\u00e1ln\u00ed na l\u00e9to. <\/p>\n","protected":false},"featured_media":2361,"comment_status":"open","ping_status":"closed","template":"","meta":[],"product_brand":[],"product_cat":[74],"product_tag":[],"class_list":{"0":"post-2366","1":"product","2":"type-product","3":"status-publish","4":"has-post-thumbnail","6":"product_cat-saty-2","8":"first","9":"instock","10":"taxable","11":"shipping-taxable","12":"purchasable","13":"product-type-variable"},"jetpack_sharing_enabled":true,"_links":{"self":[{"href":"https:\/\/michelloutletshopping.com\/cs\/wp-json\/wp\/v2\/product\/2366","targetHints":{"allow":["GET"]}}],"collection":[{"href":"https:\/\/michelloutletshopping.com\/cs\/wp-json\/wp\/v2\/product"}],"about":[{"href":"https:\/\/michelloutletshopping.com\/cs\/wp-json\/wp\/v2\/types\/product"}],"replies":[{"embeddable":true,"href":"https:\/\/michelloutletshopping.com\/cs\/wp-json\/wp\/v2\/comments?post=2366"}],"wp:featuredmedia":[{"embeddable":true,"href":"https:\/\/michelloutletshopping.com\/cs\/wp-json\/wp\/v2\/media\/2361"}],"wp:attachment":[{"href":"https:\/\/michelloutletshopping.com\/cs\/wp-json\/wp\/v2\/media?parent=2366"}],"wp:term":[{"taxonomy":"product_brand","embeddable":true,"href":"https:\/\/michelloutletshopping.com\/cs\/wp-json\/wp\/v2\/product_brand?post=2366"},{"taxonomy":"product_cat","embeddable":true,"href":"https:\/\/michelloutletshopping.com\/cs\/wp-json\/wp\/v2\/product_cat?post=2366"},{"taxonomy":"product_tag","embeddable":true,"href":"https:\/\/michelloutletshopping.com\/cs\/wp-json\/wp\/v2\/product_tag?post=2366"}],"curies":[{"name":"wp","href":"https:\/\/api.w.org\/{rel}","templated":true}]}}