{"id":2396,"date":"2026-05-06T23:17:19","date_gmt":"2026-05-06T23:17:19","guid":{"rendered":"https:\/\/michelloutletshopping.com\/product\/dlouhe-saty-bez-raminek-s-rasenym-zivutkem\/"},"modified":"2026-05-06T23:17:19","modified_gmt":"2026-05-06T23:17:19","slug":"dlouhe-saty-bez-raminek-s-rasenym-zivutkem","status":"publish","type":"product","link":"https:\/\/michelloutletshopping.com\/cs\/produkt\/dlouhe-saty-bez-raminek-s-rasenym-zivutkem\/","title":{"rendered":"Dlouh\u00e9 \u0161aty bez ram\u00ednek s \u0159asen\u00fdm \u017eiv\u016ftkem"},"content":{"rendered":"<p>Dlouh\u00e9 \u0161aty s elegantn\u00edm a \u017eensk\u00fdm designem, s \u0159asen\u00fdm \u017eiv\u016ftkem, kter\u00fd se dokonale p\u0159izp\u016fsob\u00ed postav\u011b.<br \/>Elastick\u00e1 horn\u00ed \u010d\u00e1st zaji\u0161\u0165uje pohodl\u00ed a oporu, zat\u00edmco dlouh\u00e1 spl\u00fdvav\u00e1 sukn\u011b s vol\u00e1ny dod\u00e1v\u00e1 lehkost a pohyb.<br \/>Univerz\u00e1ln\u00ed kousek ide\u00e1ln\u00ed na l\u00e9to, dovolenou nebo neform\u00e1ln\u00ed p\u0159\u00edle\u017eitosti s n\u00e1dechem elegance.<\/p>\n","protected":false},"excerpt":{"rendered":"<p>Dlouh\u00e9 \u0161aty bez ram\u00ednek s \u0159asen\u00fdm \u017eiv\u016ftkem a spl\u00fdvavou sukn\u00ed. Pohodln\u00e9 a ide\u00e1ln\u00ed na l\u00e9to. <\/p>\n","protected":false},"featured_media":2382,"comment_status":"open","ping_status":"closed","template":"","meta":[],"product_brand":[],"product_cat":[74],"product_tag":[],"class_list":{"0":"post-2396","1":"product","2":"type-product","3":"status-publish","4":"has-post-thumbnail","6":"product_cat-saty-2","8":"first","9":"instock","10":"taxable","11":"shipping-taxable","12":"purchasable","13":"product-type-variable"},"jetpack_sharing_enabled":true,"_links":{"self":[{"href":"https:\/\/michelloutletshopping.com\/cs\/wp-json\/wp\/v2\/product\/2396","targetHints":{"allow":["GET"]}}],"collection":[{"href":"https:\/\/michelloutletshopping.com\/cs\/wp-json\/wp\/v2\/product"}],"about":[{"href":"https:\/\/michelloutletshopping.com\/cs\/wp-json\/wp\/v2\/types\/product"}],"replies":[{"embeddable":true,"href":"https:\/\/michelloutletshopping.com\/cs\/wp-json\/wp\/v2\/comments?post=2396"}],"wp:featuredmedia":[{"embeddable":true,"href":"https:\/\/michelloutletshopping.com\/cs\/wp-json\/wp\/v2\/media\/2382"}],"wp:attachment":[{"href":"https:\/\/michelloutletshopping.com\/cs\/wp-json\/wp\/v2\/media?parent=2396"}],"wp:term":[{"taxonomy":"product_brand","embeddable":true,"href":"https:\/\/michelloutletshopping.com\/cs\/wp-json\/wp\/v2\/product_brand?post=2396"},{"taxonomy":"product_cat","embeddable":true,"href":"https:\/\/michelloutletshopping.com\/cs\/wp-json\/wp\/v2\/product_cat?post=2396"},{"taxonomy":"product_tag","embeddable":true,"href":"https:\/\/michelloutletshopping.com\/cs\/wp-json\/wp\/v2\/product_tag?post=2396"}],"curies":[{"name":"wp","href":"https:\/\/api.w.org\/{rel}","templated":true}]}}