{"id":2421,"date":"2026-05-07T09:59:18","date_gmt":"2026-05-07T09:59:18","guid":{"rendered":"https:\/\/michelloutletshopping.com\/product\/dlouhe-saty-se-zig-zag-vzorem-a-masli-za-krkem\/"},"modified":"2026-05-15T07:59:08","modified_gmt":"2026-05-15T07:59:08","slug":"dlouhe-saty-se-zig-zag-vzorem-a-masli-za-krkem","status":"publish","type":"product","link":"https:\/\/michelloutletshopping.com\/cs\/produkt\/dlouhe-saty-se-zig-zag-vzorem-a-masli-za-krkem\/","title":{"rendered":"Dlouh\u00e9 \u0161aty se zig zag vzorem a ma\u0161l\u00ed za krkem"},"content":{"rendered":"<p>Dlouh\u00e9 \u0161aty s elegantn\u00edm a propracovan\u00fdm designem, zdoben\u00e9 leskl\u00fdm zig zag vzorem, kter\u00fd dod\u00e1v\u00e1 pohyb a originalitu.<\/p>\n<p>Model s americk\u00fdm v\u00fdst\u0159ihem zv\u00fdraz\u0148uje ramena a dekolt, zat\u00edmco ma\u0161le vzadu dod\u00e1v\u00e1 \u017eensk\u00fd a rafinovan\u00fd detail.<\/p>\n<p>Voln\u00fd spl\u00fdvav\u00fd st\u0159ih jemn\u011b kop\u00edruje postavu a vytv\u00e1\u0159\u00ed lehk\u00fd a elegantn\u00ed efekt p\u0159i pohybu.<\/p>\n<p>Ide\u00e1ln\u00ed na letn\u00ed akce, speci\u00e1ln\u00ed ve\u010dery, dovolenou nebo p\u0159\u00edle\u017eitosti, kdy chcete p\u016fsobit elegantn\u011b a z\u00e1rove\u0148 se c\u00edtit pohodln\u011b.<\/p>\n","protected":false},"excerpt":{"rendered":"<p class=\"p1\">Dlouh\u00e9 \u0161aty se zig zag vzorem, americk\u00fdm v\u00fdst\u0159ihem a ma\u0161l\u00ed vzadu. Elegantn\u00ed a ide\u00e1ln\u00ed na l\u00e9to. <\/p>\n","protected":false},"featured_media":2419,"comment_status":"open","ping_status":"closed","template":"","meta":[],"product_brand":[],"product_cat":[28],"product_tag":[],"class_list":{"0":"post-2421","1":"product","2":"type-product","3":"status-publish","4":"has-post-thumbnail","6":"product_cat-uncategorized-cs","8":"first","9":"instock","10":"taxable","11":"shipping-taxable","12":"purchasable","13":"product-type-simple"},"jetpack_sharing_enabled":true,"_links":{"self":[{"href":"https:\/\/michelloutletshopping.com\/cs\/wp-json\/wp\/v2\/product\/2421","targetHints":{"allow":["GET"]}}],"collection":[{"href":"https:\/\/michelloutletshopping.com\/cs\/wp-json\/wp\/v2\/product"}],"about":[{"href":"https:\/\/michelloutletshopping.com\/cs\/wp-json\/wp\/v2\/types\/product"}],"replies":[{"embeddable":true,"href":"https:\/\/michelloutletshopping.com\/cs\/wp-json\/wp\/v2\/comments?post=2421"}],"wp:featuredmedia":[{"embeddable":true,"href":"https:\/\/michelloutletshopping.com\/cs\/wp-json\/wp\/v2\/media\/2419"}],"wp:attachment":[{"href":"https:\/\/michelloutletshopping.com\/cs\/wp-json\/wp\/v2\/media?parent=2421"}],"wp:term":[{"taxonomy":"product_brand","embeddable":true,"href":"https:\/\/michelloutletshopping.com\/cs\/wp-json\/wp\/v2\/product_brand?post=2421"},{"taxonomy":"product_cat","embeddable":true,"href":"https:\/\/michelloutletshopping.com\/cs\/wp-json\/wp\/v2\/product_cat?post=2421"},{"taxonomy":"product_tag","embeddable":true,"href":"https:\/\/michelloutletshopping.com\/cs\/wp-json\/wp\/v2\/product_tag?post=2421"}],"curies":[{"name":"wp","href":"https:\/\/api.w.org\/{rel}","templated":true}]}}