{"id":1356,"date":"2025-06-29T22:30:00","date_gmt":"2025-06-29T22:30:00","guid":{"rendered":"https:\/\/michelloutletshopping.com\/dakujem-fb\/"},"modified":"2025-07-01T12:02:17","modified_gmt":"2025-07-01T12:02:17","slug":"dakujem-fb","status":"publish","type":"page","link":"https:\/\/michelloutletshopping.com\/sk\/dakujem-fb\/","title":{"rendered":"\u010fakujem fb"},"content":{"rendered":"\t\t<div data-elementor-type=\"wp-page\" data-elementor-id=\"1356\" class=\"elementor elementor-1356 elementor-1260\" data-elementor-post-type=\"page\">\n\t\t\t\t<div class=\"elementor-element elementor-element-b87f0a0 e-flex e-con-boxed e-con e-parent\" data-id=\"b87f0a0\" data-element_type=\"container\" data-e-type=\"container\">\n\t\t\t\t\t<div class=\"e-con-inner\">\n\t\t<div class=\"elementor-element elementor-element-64b5e96 e-con-full e-flex e-con e-child\" data-id=\"64b5e96\" data-element_type=\"container\" data-e-type=\"container\">\n\t\t<div class=\"elementor-element elementor-element-05649e1 e-con-full e-flex e-con e-child\" data-id=\"05649e1\" data-element_type=\"container\" data-e-type=\"container\">\n\t\t\t\t<div class=\"elementor-element elementor-element-0a7e4ad elementor-widget elementor-widget-theme-site-logo elementor-widget-image\" data-id=\"0a7e4ad\" data-element_type=\"widget\" data-e-type=\"widget\" data-widget_type=\"theme-site-logo.default\">\n\t\t\t\t<div class=\"elementor-widget-container\">\n\t\t\t\t\t\t\t\t\t\t\t<a href=\"https:\/\/michelloutletshopping.com\/sk\/\">\n\t\t\t<img fetchpriority=\"high\" decoding=\"async\" width=\"300\" height=\"300\" src=\"https:\/\/michelloutletshopping.com\/wp-content\/uploads\/2025\/01\/MOS_500-300x300.png\" class=\"attachment-medium size-medium wp-image-447\" alt=\"logo design mos\" srcset=\"https:\/\/michelloutletshopping.com\/wp-content\/uploads\/2025\/01\/MOS_500-300x300.png 300w, https:\/\/michelloutletshopping.com\/wp-content\/uploads\/2025\/01\/MOS_500-150x150.png 150w, https:\/\/michelloutletshopping.com\/wp-content\/uploads\/2025\/01\/MOS_500-100x100.png 100w, https:\/\/michelloutletshopping.com\/wp-content\/uploads\/2025\/01\/MOS_500.png 500w\" sizes=\"(max-width: 300px) 100vw, 300px\" \/>\t\t\t\t<\/a>\n\t\t\t\t\t\t\t\t\t\t\t<\/div>\n\t\t\t\t<\/div>\n\t\t\t\t<\/div>\n\t\t\t\t<\/div>\n\t\t\t\t\t<\/div>\n\t\t\t\t<\/div>\n\t\t<div class=\"elementor-element elementor-element-4e986c8 e-flex e-con-boxed e-con e-parent\" data-id=\"4e986c8\" data-element_type=\"container\" data-e-type=\"container\">\n\t\t\t\t\t<div class=\"e-con-inner\">\n\t\t<div class=\"elementor-element elementor-element-3788746 e-con-full e-flex e-con e-child\" data-id=\"3788746\" data-element_type=\"container\" data-e-type=\"container\">\n\t\t<div class=\"elementor-element elementor-element-97797fd e-con-full e-flex e-con e-child\" data-id=\"97797fd\" data-element_type=\"container\" data-e-type=\"container\">\n\t\t\t\t<div class=\"elementor-element elementor-element-9bfda07 elementor-widget elementor-widget-heading\" data-id=\"9bfda07\" data-element_type=\"widget\" data-e-type=\"widget\" data-widget_type=\"heading.default\">\n\t\t\t\t<div class=\"elementor-widget-container\">\n\t\t\t\t\t<h1 class=\"elementor-heading-title elementor-size-default\">Vitajte na VIP zozname!<\/h1>\t\t\t\t<\/div>\n\t\t\t\t<\/div>\n\t\t<div class=\"elementor-element elementor-element-7ae3e4e e-con-full e-flex e-con e-child\" data-id=\"7ae3e4e\" data-element_type=\"container\" data-e-type=\"container\">\n\t\t\t\t<div class=\"elementor-element elementor-element-9abe0cf elementor-widget elementor-widget-heading\" data-id=\"9abe0cf\" data-element_type=\"widget\" data-e-type=\"widget\" data-widget_type=\"heading.default\">\n\t\t\t\t<div class=\"elementor-widget-container\">\n\t\t\t\t\t<h4 class=\"elementor-heading-title elementor-size-default\">Ofici\u00e1lne ste sa stali s\u00fa\u010das\u0165ou na\u0161ej VIP komunity!<\/h4>\t\t\t\t<\/div>\n\t\t\t\t<\/div>\n\t\t\t\t<div class=\"elementor-element elementor-element-b75998a elementor-widget elementor-widget-text-editor\" data-id=\"b75998a\" data-element_type=\"widget\" data-e-type=\"widget\" data-widget_type=\"text-editor.default\">\n\t\t\t\t<div class=\"elementor-widget-container\">\n\t\t\t\t\t\t\t\t\tSkontrolujte si doru\u010den\u00fa po\u0161tu a potvr\u010fte svoje predplatn\u00e9.\t\t\t\t\t\t\t\t<\/div>\n\t\t\t\t<\/div>\n\t\t\t\t<div class=\"elementor-element elementor-element-1e7d7f9 elementor-widget elementor-widget-text-editor\" data-id=\"1e7d7f9\" data-element_type=\"widget\" data-e-type=\"widget\" data-widget_type=\"text-editor.default\">\n\t\t\t\t<div class=\"elementor-widget-container\">\n\t\t\t\t\t\t\t\t\t<p>Nena\u0161li ste e-mail? Skontrolujte prie\u010dinok Spam alebo Propag\u00e1cie. <\/p>\t\t\t\t\t\t\t\t<\/div>\n\t\t\t\t<\/div>\n\t\t<div class=\"elementor-element elementor-element-2faa680 e-con-full e-flex e-con e-child\" data-id=\"2faa680\" data-element_type=\"container\" data-e-type=\"container\">\n\t\t\t\t<div class=\"elementor-element elementor-element-7f1d6dc elementor-align-center elementor-hidden-desktop elementor-hidden-tablet elementor-hidden-mobile elementor-widget elementor-widget-button\" data-id=\"7f1d6dc\" data-element_type=\"widget\" data-e-type=\"widget\" data-widget_type=\"button.default\">\n\t\t\t\t<div class=\"elementor-widget-container\">\n\t\t\t\t\t\t\t\t\t<div class=\"elementor-button-wrapper\">\n\t\t\t\t\t<a class=\"elementor-button elementor-button-link elementor-size-sm\" href=\"https:\/\/www.facebook.com\/groups\/outletshoppingitalianbrand\">\n\t\t\t\t\t\t<span class=\"elementor-button-content-wrapper\">\n\t\t\t\t\t\t\t\t\t<span class=\"elementor-button-text\">Sp\u00e4\u0165 na skupinu na Facebooku<\/span>\n\t\t\t\t\t<\/span>\n\t\t\t\t\t<\/a>\n\t\t\t\t<\/div>\n\t\t\t\t\t\t\t\t<\/div>\n\t\t\t\t<\/div>\n\t\t\t\t<\/div>\n\t\t\t\t<\/div>\n\t\t\t\t<\/div>\n\t\t\t\t<\/div>\n\t\t\t\t\t<\/div>\n\t\t\t\t<\/div>\n\t\t<div class=\"elementor-element elementor-element-6363586 e-con-full e-flex e-con e-parent\" data-id=\"6363586\" data-element_type=\"container\" data-e-type=\"container\">\n\t\t<footer class=\"elementor-element elementor-element-22353d2 e-con-full e-flex e-con e-child\" data-id=\"22353d2\" data-element_type=\"container\" data-e-type=\"container\" data-settings=\"{&quot;background_background&quot;:&quot;classic&quot;}\">\n\t\t<div class=\"elementor-element elementor-element-09099ff e-con-full e-flex e-con e-child\" data-id=\"09099ff\" data-element_type=\"container\" data-e-type=\"container\">\n\t\t<div class=\"elementor-element elementor-element-eeb6b18 e-con-full e-flex e-con e-child\" data-id=\"eeb6b18\" data-element_type=\"container\" data-e-type=\"container\">\n\t\t\t\t<div class=\"elementor-element elementor-element-508de76 elementor-widget elementor-widget-theme-site-logo elementor-widget-image\" data-id=\"508de76\" data-element_type=\"widget\" data-e-type=\"widget\" data-widget_type=\"theme-site-logo.default\">\n\t\t\t\t<div class=\"elementor-widget-container\">\n\t\t\t\t\t\t\t\t\t\t\t<a href=\"https:\/\/michelloutletshopping.com\/sk\/\">\n\t\t\t<img decoding=\"async\" src=\"https:\/\/michelloutletshopping.com\/wp-content\/uploads\/elementor\/thumbs\/MOS_500-r0tlsixl6ft4e9j7dfasonbveelbiugtgkcx1lnuug.png\" title=\"MOS_500\" alt=\"logo design mos\" loading=\"lazy\" \/>\t\t\t\t<\/a>\n\t\t\t\t\t\t\t\t\t\t\t<\/div>\n\t\t\t\t<\/div>\n\t\t\t\t<\/div>\n\t\t\t\t<\/div>\n\t\t\t\t<div class=\"elementor-element elementor-element-ba34720 elementor-widget elementor-widget-heading\" data-id=\"ba34720\" data-element_type=\"widget\" data-e-type=\"widget\" data-widget_type=\"heading.default\">\n\t\t\t\t<div class=\"elementor-widget-container\">\n\t\t\t\t\t<p class=\"elementor-heading-title elementor-size-default\">\u00a9 2025 V\u0161etky pr\u00e1va vyhraden\u00e9 <strong>MOS<\/strong> je obchodn\u00e1 jednotka spolo\u010dnosti <a href=\"https:\/\/www.semca.cz\" target=\"_blank\"><strong>Semca s.r.o.<\/strong><\/a>\n<br><br><a href=\"https:\/\/michelloutletshopping.com\/cookie-policy\/\" target=\"_blank\"><strong>Z\u00e1sady pou\u017e\u00edvania s\u00faborov cookie<\/strong><\/a> | <a href=\"https:\/\/michelloutletshopping.com\/privacy-policy\" target=\"_blank\"><strong>Z\u00e1sady ochrany osobn\u00fdch \u00fadajov<\/strong><\/a><\/small><\/p>\t\t\t\t<\/div>\n\t\t\t\t<\/div>\n\t\t<div class=\"elementor-element elementor-element-cd3d6a4 e-flex e-con-boxed e-con e-child\" data-id=\"cd3d6a4\" data-element_type=\"container\" data-e-type=\"container\">\n\t\t\t\t\t<div class=\"e-con-inner\">\n\t\t\t\t<div class=\"elementor-element elementor-element-ed56c33 elementor-widget__width-initial elementor-widget elementor-widget-wpml-language-switcher\" data-id=\"ed56c33\" data-element_type=\"widget\" data-e-type=\"widget\" data-widget_type=\"wpml-language-switcher.default\">\n\t\t\t\t<div class=\"elementor-widget-container\">\n\t\t\t\t\t<div class=\"wpml-elementor-ls\">\n<div\n\t role=\"navigation\" aria-label=\"Language Switcher\" class=\"wpml-ls-statics-shortcode_actions wpml-ls wpml-ls-legacy-dropdown js-wpml-ls-legacy-dropdown\">\n\t<ul>\n\t\t<li class=\"wpml-ls-slot-shortcode_actions wpml-ls-item wpml-ls-item-sk wpml-ls-current-language wpml-ls-item-legacy-dropdown\">\n\t\t\t<a href=\"#\" hreflang=\"\" lang=\"\" class=\"js-wpml-ls-item-toggle wpml-ls-item-toggle\" aria-current=\"page\" aria-expanded=\"false\" aria-controls=\"wpml-ls-submenu-default\" aria-label=\"Language switcher, press tab to navigate to other languages\" title=\"Switch to Sloven\u010dina\">\n\t\t\t\t                                    <img decoding=\"async\"\n            class=\"wpml-ls-flag\"\n            src=\"https:\/\/michelloutletshopping.com\/wp-content\/plugins\/sitepress-multilingual-cms\/res\/flags\/sk.svg\"\n            alt=\"Sloven\u010dina\"\n            loading=\"lazy\"\n            width=18\n            height=12\n    \/><\/a>\n\n\t\t\t<ul id=\"wpml-ls-submenu-default\" class=\"wpml-ls-sub-menu\">\n\t\t\t\t\n\t\t\t\t\t<li class=\"wpml-ls-slot-shortcode_actions wpml-ls-item wpml-ls-item-cs wpml-ls-first-item\">\n\t\t\t\t\t\t<a href=\"https:\/\/michelloutletshopping.com\/cs\/\" hreflang=\"cs\" lang=\"cs\" class=\"wpml-ls-link\" aria-label=\"Switch to \u010ce\u0161tina\" title=\"Switch to \u010ce\u0161tina\">\n\t\t\t\t\t\t\t                                    <img decoding=\"async\"\n            class=\"wpml-ls-flag\"\n            src=\"https:\/\/michelloutletshopping.com\/wp-content\/plugins\/sitepress-multilingual-cms\/res\/flags\/cs.svg\"\n            alt=\"\u010ce\u0161tina\"\n            loading=\"lazy\"\n            width=18\n            height=12\n    \/><\/a>\n\t\t\t\t\t<\/li>\n\n\t\t\t\t\n\t\t\t\t\t<li class=\"wpml-ls-slot-shortcode_actions wpml-ls-item wpml-ls-item-en wpml-ls-last-item\">\n\t\t\t\t\t\t<a href=\"https:\/\/michelloutletshopping.com\/\" hreflang=\"en\" lang=\"en\" class=\"wpml-ls-link\" aria-label=\"Switch to Angli\u010dtina\" title=\"Switch to Angli\u010dtina\">\n\t\t\t\t\t\t\t                                    <img decoding=\"async\"\n            class=\"wpml-ls-flag\"\n            src=\"https:\/\/michelloutletshopping.com\/wp-content\/plugins\/sitepress-multilingual-cms\/res\/flags\/en.svg\"\n            alt=\"Angli\u010dtina\"\n            loading=\"lazy\"\n            width=18\n            height=12\n    \/><\/a>\n\t\t\t\t\t<\/li>\n\n\t\t\t\t\t\t\t<\/ul>\n\n\t\t<\/li>\n\n\t<\/ul>\n<\/div>\n<\/div>\t\t\t\t<\/div>\n\t\t\t\t<\/div>\n\t\t\t\t\t<\/div>\n\t\t\t\t<\/div>\n\t\t\t\t<\/footer>\n\t\t\t\t<\/div>\n\t\t\t\t<\/div>\n\t\t","protected":false},"excerpt":{"rendered":"<p>Vitajte na VIP zozname! Ofici\u00e1lne ste sa stali s\u00fa\u010das\u0165ou na\u0161ej VIP komunity! Skontrolujte si doru\u010den\u00fa po\u0161tu a potvr\u010fte svoje predplatn\u00e9. Nena\u0161li ste e-mail? Skontrolujte prie\u010dinok Spam alebo Propag\u00e1cie. Sp\u00e4\u0165 na skupinu na Facebooku \u00a9 2025 V\u0161etky pr\u00e1va vyhraden\u00e9 MOS je obchodn\u00e1 jednotka spolo\u010dnosti Semca s.r.o. Z\u00e1sady pou\u017e\u00edvania s\u00faborov cookie | Z\u00e1sady ochrany osobn\u00fdch \u00fadajov<\/p>\n","protected":false},"author":1,"featured_media":0,"parent":0,"menu_order":0,"comment_status":"closed","ping_status":"closed","template":"elementor_canvas","meta":{"footnotes":""},"class_list":["post-1356","page","type-page","status-publish","hentry"],"jetpack_sharing_enabled":true,"_links":{"self":[{"href":"https:\/\/michelloutletshopping.com\/sk\/wp-json\/wp\/v2\/pages\/1356","targetHints":{"allow":["GET"]}}],"collection":[{"href":"https:\/\/michelloutletshopping.com\/sk\/wp-json\/wp\/v2\/pages"}],"about":[{"href":"https:\/\/michelloutletshopping.com\/sk\/wp-json\/wp\/v2\/types\/page"}],"author":[{"embeddable":true,"href":"https:\/\/michelloutletshopping.com\/sk\/wp-json\/wp\/v2\/users\/1"}],"replies":[{"embeddable":true,"href":"https:\/\/michelloutletshopping.com\/sk\/wp-json\/wp\/v2\/comments?post=1356"}],"version-history":[{"count":9,"href":"https:\/\/michelloutletshopping.com\/sk\/wp-json\/wp\/v2\/pages\/1356\/revisions"}],"predecessor-version":[{"id":1385,"href":"https:\/\/michelloutletshopping.com\/sk\/wp-json\/wp\/v2\/pages\/1356\/revisions\/1385"}],"wp:attachment":[{"href":"https:\/\/michelloutletshopping.com\/sk\/wp-json\/wp\/v2\/media?parent=1356"}],"curies":[{"name":"wp","href":"https:\/\/api.w.org\/{rel}","templated":true}]}}