{"id":1590,"date":"2026-05-05T14:23:28","date_gmt":"2026-05-05T14:23:28","guid":{"rendered":"https:\/\/michelloutletshopping.com\/product\/elegantna-midi-sukna-s-opaskom\/"},"modified":"2026-05-05T14:23:28","modified_gmt":"2026-05-05T14:23:28","slug":"elegantna-midi-sukna-s-opaskom","status":"publish","type":"product","link":"https:\/\/michelloutletshopping.com\/sk\/produkt\/elegantna-midi-sukna-s-opaskom\/","title":{"rendered":"Elegantn\u00e1 midi suk\u0148a s opaskom"},"content":{"rendered":"<p class=\"p1\">Midi suk\u0148a s vysok\u00fdm p\u00e1som a opaskom, ktor\u00e1 m\u00e1 plynul\u00fa a elegantn\u00fa siluetu. Dizajn obsahuje jemn\u00e9 z\u00e1hyby, ktor\u00e9 vytv\u00e1raj\u00fa pohyb a zv\u00fdraz\u0148uj\u00fa postavu, zatia\u013e \u010do opasok z pr\u00edslu\u0161nej l\u00e1tky rafinovane vymedzuje p\u00e1s. Pohodln\u00fd a univerz\u00e1lny strih, ide\u00e1lny na le\u017e\u00e9rny aj elegantnej\u0161\u00ed vzh\u013ead. Ide\u00e1lne na kombinovanie s ko\u0161e\u013eami, topy alebo \u013eahk\u00fdmi \u00fapletmi pre uhladen\u00fd outfit.   <\/p>\n","protected":false},"excerpt":{"rendered":"<p>Midi suk\u0148a s vysok\u00fdm p\u00e1som a opaskom, ktor\u00e1 m\u00e1 plynul\u00fa a elegantn\u00fa siluetu. Dizajn obsahuje jemn\u00e9 z\u00e1hyby, ktor\u00e9 vytv\u00e1raj\u00fa pohyb a zv\u00fdraz\u0148uj\u00fa postavu, zatia\u013e \u010do opasok z pr\u00edslu\u0161nej l\u00e1tky rafinovane vymedzuje p\u00e1s. Pohodln\u00fd a univerz\u00e1lny strih, ide\u00e1lny na le\u017e\u00e9rny aj elegantnej\u0161\u00ed vzh\u013ead. Ide\u00e1lne na kombinovanie s ko\u0161e\u013eami, topy alebo \u013eahk\u00fdmi \u00fapletmi pre uhladen\u00fd outfit.<\/p>\n","protected":false},"featured_media":1582,"comment_status":"open","ping_status":"closed","template":"","meta":[],"product_brand":[],"product_cat":[46],"product_tag":[],"class_list":{"0":"post-1590","1":"product","2":"type-product","3":"status-publish","4":"has-post-thumbnail","6":"product_cat-sukna","8":"first","9":"instock","10":"taxable","11":"shipping-taxable","12":"purchasable","13":"product-type-variable","14":"has-default-attributes"},"jetpack_sharing_enabled":true,"_links":{"self":[{"href":"https:\/\/michelloutletshopping.com\/sk\/wp-json\/wp\/v2\/product\/1590","targetHints":{"allow":["GET"]}}],"collection":[{"href":"https:\/\/michelloutletshopping.com\/sk\/wp-json\/wp\/v2\/product"}],"about":[{"href":"https:\/\/michelloutletshopping.com\/sk\/wp-json\/wp\/v2\/types\/product"}],"replies":[{"embeddable":true,"href":"https:\/\/michelloutletshopping.com\/sk\/wp-json\/wp\/v2\/comments?post=1590"}],"wp:featuredmedia":[{"embeddable":true,"href":"https:\/\/michelloutletshopping.com\/sk\/wp-json\/wp\/v2\/media\/1582"}],"wp:attachment":[{"href":"https:\/\/michelloutletshopping.com\/sk\/wp-json\/wp\/v2\/media?parent=1590"}],"wp:term":[{"taxonomy":"product_brand","embeddable":true,"href":"https:\/\/michelloutletshopping.com\/sk\/wp-json\/wp\/v2\/product_brand?post=1590"},{"taxonomy":"product_cat","embeddable":true,"href":"https:\/\/michelloutletshopping.com\/sk\/wp-json\/wp\/v2\/product_cat?post=1590"},{"taxonomy":"product_tag","embeddable":true,"href":"https:\/\/michelloutletshopping.com\/sk\/wp-json\/wp\/v2\/product_tag?post=1590"}],"curies":[{"name":"wp","href":"https:\/\/api.w.org\/{rel}","templated":true}]}}