{"id":1894,"date":"2026-05-05T22:52:54","date_gmt":"2026-05-05T22:52:54","guid":{"rendered":"https:\/\/michelloutletshopping.com\/product\/lahke-volne-tielko\/"},"modified":"2026-05-05T22:52:54","modified_gmt":"2026-05-05T22:52:54","slug":"lahke-volne-tielko","status":"publish","type":"product","link":"https:\/\/michelloutletshopping.com\/sk\/produkt\/lahke-volne-tielko\/","title":{"rendered":"\u013dahk\u00e9 vo\u013en\u00e9 tielko"},"content":{"rendered":"<p class=\"p1\">\u013dahk\u00e1 bl\u00fazka bez ruk\u00e1vov s vo\u013en\u00fdm strihom, ide\u00e1lna pre svie\u017ei a pohodln\u00fd vzh\u013ead po\u010das teplej\u0161\u00edch dn\u00ed.<\/p>\n<p class=\"p1\">Jednoduch\u00fd dizajn dop\u013a\u0148a v\u00fdstrih do V, ktor\u00fd opticky predl\u017euje postavu. Vo\u013en\u00fd strih zaru\u010duje pohodlie po\u010das cel\u00e9ho d\u0148a.<\/p>\n<p class=\"p2\">\u013dahko kombinovate\u013en\u00fd k\u00fasok vhodn\u00fd k nohaviciam, sukniam aj kompletom.<\/p>\n","protected":false},"excerpt":{"rendered":"<p class=\"p1\">\u013dahk\u00e1 vo\u013en\u00e1 bl\u00fazka s v\u00fdstrihom do V.<\/p>\n","protected":false},"featured_media":1891,"comment_status":"open","ping_status":"closed","template":"","meta":[],"product_brand":[],"product_cat":[65],"product_tag":[],"class_list":{"0":"post-1894","1":"product","2":"type-product","3":"status-publish","4":"has-post-thumbnail","6":"product_cat-tielko","8":"first","9":"instock","10":"taxable","11":"shipping-taxable","12":"purchasable","13":"product-type-simple"},"jetpack_sharing_enabled":true,"_links":{"self":[{"href":"https:\/\/michelloutletshopping.com\/sk\/wp-json\/wp\/v2\/product\/1894","targetHints":{"allow":["GET"]}}],"collection":[{"href":"https:\/\/michelloutletshopping.com\/sk\/wp-json\/wp\/v2\/product"}],"about":[{"href":"https:\/\/michelloutletshopping.com\/sk\/wp-json\/wp\/v2\/types\/product"}],"replies":[{"embeddable":true,"href":"https:\/\/michelloutletshopping.com\/sk\/wp-json\/wp\/v2\/comments?post=1894"}],"wp:featuredmedia":[{"embeddable":true,"href":"https:\/\/michelloutletshopping.com\/sk\/wp-json\/wp\/v2\/media\/1891"}],"wp:attachment":[{"href":"https:\/\/michelloutletshopping.com\/sk\/wp-json\/wp\/v2\/media?parent=1894"}],"wp:term":[{"taxonomy":"product_brand","embeddable":true,"href":"https:\/\/michelloutletshopping.com\/sk\/wp-json\/wp\/v2\/product_brand?post=1894"},{"taxonomy":"product_cat","embeddable":true,"href":"https:\/\/michelloutletshopping.com\/sk\/wp-json\/wp\/v2\/product_cat?post=1894"},{"taxonomy":"product_tag","embeddable":true,"href":"https:\/\/michelloutletshopping.com\/sk\/wp-json\/wp\/v2\/product_tag?post=1894"}],"curies":[{"name":"wp","href":"https:\/\/api.w.org\/{rel}","templated":true}]}}