{"id":1900,"date":"2026-05-05T23:07:20","date_gmt":"2026-05-05T23:07:20","guid":{"rendered":"https:\/\/michelloutletshopping.com\/product\/volne-oversize-tricko\/"},"modified":"2026-05-05T23:07:20","modified_gmt":"2026-05-05T23:07:20","slug":"volne-oversize-tricko","status":"publish","type":"product","link":"https:\/\/michelloutletshopping.com\/sk\/produkt\/volne-oversize-tricko\/","title":{"rendered":"Vo\u013en\u00e9 oversize tri\u010dko"},"content":{"rendered":"<p class=\"p1\">Vo\u013en\u00e9 oversize tri\u010dko s m\u00e4kk\u00fdm a pohodln\u00fdm strihom, navrhnut\u00e9 pre maxim\u00e1lne pohodlie bez kompromisov v \u0161t\u00fdle.<\/p>\n<p class=\"p1\">\u0160irok\u00e1 silueta jemne pad\u00e1 na telo a je vhodn\u00e1 pre v\u0161etky typy postavy. M\u00e4kk\u00e9 ruk\u00e1vy a jednoduch\u00fd dizajn robia z tohto k\u00fasku ide\u00e1lnu vo\u013ebu na ka\u017ed\u00fd de\u0148.<\/p>\n<p class=\"p2\">\u013dahko kombinovate\u013en\u00e9 s nohavicami, d\u017e\u00ednsami aj kompletmi.<\/p>\n","protected":false},"excerpt":{"rendered":"<p class=\"p1\">Vo\u013en\u00e9 oversize tri\u010dko s pohodln\u00fdm strihom.<\/p>\n","protected":false},"featured_media":1898,"comment_status":"open","ping_status":"closed","template":"","meta":[],"product_brand":[],"product_cat":[68],"product_tag":[],"class_list":{"0":"post-1900","1":"product","2":"type-product","3":"status-publish","4":"has-post-thumbnail","6":"product_cat-tricko","8":"first","9":"instock","10":"taxable","11":"shipping-taxable","12":"purchasable","13":"product-type-simple"},"jetpack_sharing_enabled":true,"_links":{"self":[{"href":"https:\/\/michelloutletshopping.com\/sk\/wp-json\/wp\/v2\/product\/1900","targetHints":{"allow":["GET"]}}],"collection":[{"href":"https:\/\/michelloutletshopping.com\/sk\/wp-json\/wp\/v2\/product"}],"about":[{"href":"https:\/\/michelloutletshopping.com\/sk\/wp-json\/wp\/v2\/types\/product"}],"replies":[{"embeddable":true,"href":"https:\/\/michelloutletshopping.com\/sk\/wp-json\/wp\/v2\/comments?post=1900"}],"wp:featuredmedia":[{"embeddable":true,"href":"https:\/\/michelloutletshopping.com\/sk\/wp-json\/wp\/v2\/media\/1898"}],"wp:attachment":[{"href":"https:\/\/michelloutletshopping.com\/sk\/wp-json\/wp\/v2\/media?parent=1900"}],"wp:term":[{"taxonomy":"product_brand","embeddable":true,"href":"https:\/\/michelloutletshopping.com\/sk\/wp-json\/wp\/v2\/product_brand?post=1900"},{"taxonomy":"product_cat","embeddable":true,"href":"https:\/\/michelloutletshopping.com\/sk\/wp-json\/wp\/v2\/product_cat?post=1900"},{"taxonomy":"product_tag","embeddable":true,"href":"https:\/\/michelloutletshopping.com\/sk\/wp-json\/wp\/v2\/product_tag?post=1900"}],"curies":[{"name":"wp","href":"https:\/\/api.w.org\/{rel}","templated":true}]}}