{"id":1906,"date":"2026-05-05T23:16:30","date_gmt":"2026-05-05T23:16:30","guid":{"rendered":"https:\/\/michelloutletshopping.com\/product\/oversize-tricko-s-cipkou\/"},"modified":"2026-05-05T23:16:30","modified_gmt":"2026-05-05T23:16:30","slug":"oversize-tricko-s-cipkou","status":"publish","type":"product","link":"https:\/\/michelloutletshopping.com\/sk\/produkt\/oversize-tricko-s-cipkou\/","title":{"rendered":"Oversize tri\u010dko s \u010dipkou"},"content":{"rendered":"<p class=\"p1\">Oversize tri\u010dko s jednoduch\u00fdm dizajnom doplnen\u00e9 elegantn\u00fdm \u010dipkovan\u00fdm detailom na spodnom leme.<\/p>\n<p class=\"p1\">Vo\u013en\u00fd strih zaru\u010duje maxim\u00e1lne pohodlie, zatia\u013e \u010do \u010dipka dod\u00e1va \u017eensk\u00fd a elegantn\u00fd vzh\u013ead.<\/p>\n<p class=\"p2\">Perfektn\u00e9 k d\u017e\u00ednsom, nohaviciam alebo leg\u00ednam, vhodn\u00e9 na ka\u017edodenn\u00e9 aj upravenej\u0161ie outfity.<\/p>\n","protected":false},"excerpt":{"rendered":"<p class=\"p1\">Oversize tri\u010dko s \u010dipkovan\u00fdm spodn\u00fdm lemom.<\/p>\n","protected":false},"featured_media":1905,"comment_status":"open","ping_status":"closed","template":"","meta":[],"product_brand":[],"product_cat":[68],"product_tag":[],"class_list":{"0":"post-1906","1":"product","2":"type-product","3":"status-publish","4":"has-post-thumbnail","6":"product_cat-tricko","8":"first","9":"instock","10":"taxable","11":"shipping-taxable","12":"purchasable","13":"product-type-simple"},"jetpack_sharing_enabled":true,"_links":{"self":[{"href":"https:\/\/michelloutletshopping.com\/sk\/wp-json\/wp\/v2\/product\/1906","targetHints":{"allow":["GET"]}}],"collection":[{"href":"https:\/\/michelloutletshopping.com\/sk\/wp-json\/wp\/v2\/product"}],"about":[{"href":"https:\/\/michelloutletshopping.com\/sk\/wp-json\/wp\/v2\/types\/product"}],"replies":[{"embeddable":true,"href":"https:\/\/michelloutletshopping.com\/sk\/wp-json\/wp\/v2\/comments?post=1906"}],"wp:featuredmedia":[{"embeddable":true,"href":"https:\/\/michelloutletshopping.com\/sk\/wp-json\/wp\/v2\/media\/1905"}],"wp:attachment":[{"href":"https:\/\/michelloutletshopping.com\/sk\/wp-json\/wp\/v2\/media?parent=1906"}],"wp:term":[{"taxonomy":"product_brand","embeddable":true,"href":"https:\/\/michelloutletshopping.com\/sk\/wp-json\/wp\/v2\/product_brand?post=1906"},{"taxonomy":"product_cat","embeddable":true,"href":"https:\/\/michelloutletshopping.com\/sk\/wp-json\/wp\/v2\/product_cat?post=1906"},{"taxonomy":"product_tag","embeddable":true,"href":"https:\/\/michelloutletshopping.com\/sk\/wp-json\/wp\/v2\/product_tag?post=1906"}],"curies":[{"name":"wp","href":"https:\/\/api.w.org\/{rel}","templated":true}]}}