{"id":1910,"date":"2026-05-05T23:24:03","date_gmt":"2026-05-05T23:24:03","guid":{"rendered":"https:\/\/michelloutletshopping.com\/product\/asymetricke-tricko-s-cipkou\/"},"modified":"2026-05-05T23:24:03","modified_gmt":"2026-05-05T23:24:03","slug":"asymetricke-tricko-s-cipkou","status":"publish","type":"product","link":"https:\/\/michelloutletshopping.com\/sk\/produkt\/asymetricke-tricko-s-cipkou\/","title":{"rendered":"Asymetrick\u00e9 tri\u010dko s \u010dipkou"},"content":{"rendered":"<p class=\"p1\">Tri\u010dko s vo\u013en\u00fdm strihom a asymetrick\u00fdm spodn\u00fdm lemom doplnen\u00fdm elegantnou \u010dipkou.<\/p>\n<p class=\"p1\">Jednoduch\u00e1 horn\u00e1 \u010das\u0165 je kombinovan\u00e1 s rafinovan\u00fdm detailom dole, \u010do vytv\u00e1ra \u017eensk\u00fd a origin\u00e1lny vzh\u013ead. Pohodln\u00fd strih je ide\u00e1lny na ka\u017ed\u00fd de\u0148. <\/p>\n<p class=\"p2\">Perfektne sa hod\u00ed k d\u017e\u00ednsom alebo nohaviciam pre le\u017e\u00e9rne elegantn\u00fd outfit.<\/p>\n","protected":false},"excerpt":{"rendered":"<p>Tri\u010dko s vo\u013en\u00fdm strihom a asymetrick\u00fdm spodn\u00fdm lemom doplnen\u00fdm elegantnou \u010dipkou. Jednoduch\u00e1 horn\u00e1 \u010das\u0165 je kombinovan\u00e1 s rafinovan\u00fdm detailom dole, \u010do vytv\u00e1ra \u017eensk\u00fd a origin\u00e1lny vzh\u013ead. Pohodln\u00fd strih je ide\u00e1lny na ka\u017ed\u00fd de\u0148. Perfektne sa hod\u00ed k d\u017e\u00ednsom alebo nohaviciam pre le\u017e\u00e9rne elegantn\u00fd outfit.<\/p>\n","protected":false},"featured_media":1913,"comment_status":"open","ping_status":"closed","template":"","meta":[],"product_brand":[],"product_cat":[68],"product_tag":[],"class_list":{"0":"post-1910","1":"product","2":"type-product","3":"status-publish","4":"has-post-thumbnail","6":"product_cat-tricko","8":"first","9":"instock","10":"taxable","11":"shipping-taxable","12":"purchasable","13":"product-type-simple"},"jetpack_sharing_enabled":true,"_links":{"self":[{"href":"https:\/\/michelloutletshopping.com\/sk\/wp-json\/wp\/v2\/product\/1910","targetHints":{"allow":["GET"]}}],"collection":[{"href":"https:\/\/michelloutletshopping.com\/sk\/wp-json\/wp\/v2\/product"}],"about":[{"href":"https:\/\/michelloutletshopping.com\/sk\/wp-json\/wp\/v2\/types\/product"}],"replies":[{"embeddable":true,"href":"https:\/\/michelloutletshopping.com\/sk\/wp-json\/wp\/v2\/comments?post=1910"}],"wp:featuredmedia":[{"embeddable":true,"href":"https:\/\/michelloutletshopping.com\/sk\/wp-json\/wp\/v2\/media\/1913"}],"wp:attachment":[{"href":"https:\/\/michelloutletshopping.com\/sk\/wp-json\/wp\/v2\/media?parent=1910"}],"wp:term":[{"taxonomy":"product_brand","embeddable":true,"href":"https:\/\/michelloutletshopping.com\/sk\/wp-json\/wp\/v2\/product_brand?post=1910"},{"taxonomy":"product_cat","embeddable":true,"href":"https:\/\/michelloutletshopping.com\/sk\/wp-json\/wp\/v2\/product_cat?post=1910"},{"taxonomy":"product_tag","embeddable":true,"href":"https:\/\/michelloutletshopping.com\/sk\/wp-json\/wp\/v2\/product_tag?post=1910"}],"curies":[{"name":"wp","href":"https:\/\/api.w.org\/{rel}","templated":true}]}}