{"id":1931,"date":"2026-05-05T23:36:59","date_gmt":"2026-05-05T23:36:59","guid":{"rendered":"https:\/\/michelloutletshopping.com\/product\/asymetricky-top-s-maslou\/"},"modified":"2026-05-05T23:36:59","modified_gmt":"2026-05-05T23:36:59","slug":"asymetricky-top-s-maslou","status":"publish","type":"product","link":"https:\/\/michelloutletshopping.com\/sk\/produkt\/asymetricky-top-s-maslou\/","title":{"rendered":"Asymetrick\u00fd top s ma\u0161\u013eou"},"content":{"rendered":"<p class=\"p1\">Asymetrick\u00fd top s odhalen\u00fdm ramenom a jemn\u00fdm detailom ma\u0161le.<\/p>\n<p class=\"p1\">Vo\u013en\u00e1 a spl\u00fdvav\u00e1 silueta je na jednej strane dlh\u0161ia, \u010do vytv\u00e1ra elegantn\u00fd a origin\u00e1lny vzh\u013ead. The bow on the shoulder adds a feminine and refined touch, making this piece perfect for both day and evening outfits.<\/p>\n<p class=\"p2\">Ma\u0161\u013ea na ramene dod\u00e1va \u017eensk\u00fd a sofistikovan\u00fd n\u00e1dych.<\/p>\n","protected":false},"excerpt":{"rendered":"<p class=\"p1\">Asymetrick\u00fd top na jedno rameno s ma\u0161\u013eou.<\/p>\n","protected":false},"featured_media":1929,"comment_status":"open","ping_status":"closed","template":"","meta":[],"product_brand":[],"product_cat":[69,68],"product_tag":[],"class_list":{"0":"post-1931","1":"product","2":"type-product","3":"status-publish","4":"has-post-thumbnail","6":"product_cat-halenka","7":"product_cat-tricko","9":"first","10":"instock","11":"taxable","12":"shipping-taxable","13":"purchasable","14":"product-type-simple"},"jetpack_sharing_enabled":true,"_links":{"self":[{"href":"https:\/\/michelloutletshopping.com\/sk\/wp-json\/wp\/v2\/product\/1931","targetHints":{"allow":["GET"]}}],"collection":[{"href":"https:\/\/michelloutletshopping.com\/sk\/wp-json\/wp\/v2\/product"}],"about":[{"href":"https:\/\/michelloutletshopping.com\/sk\/wp-json\/wp\/v2\/types\/product"}],"replies":[{"embeddable":true,"href":"https:\/\/michelloutletshopping.com\/sk\/wp-json\/wp\/v2\/comments?post=1931"}],"wp:featuredmedia":[{"embeddable":true,"href":"https:\/\/michelloutletshopping.com\/sk\/wp-json\/wp\/v2\/media\/1929"}],"wp:attachment":[{"href":"https:\/\/michelloutletshopping.com\/sk\/wp-json\/wp\/v2\/media?parent=1931"}],"wp:term":[{"taxonomy":"product_brand","embeddable":true,"href":"https:\/\/michelloutletshopping.com\/sk\/wp-json\/wp\/v2\/product_brand?post=1931"},{"taxonomy":"product_cat","embeddable":true,"href":"https:\/\/michelloutletshopping.com\/sk\/wp-json\/wp\/v2\/product_cat?post=1931"},{"taxonomy":"product_tag","embeddable":true,"href":"https:\/\/michelloutletshopping.com\/sk\/wp-json\/wp\/v2\/product_tag?post=1931"}],"curies":[{"name":"wp","href":"https:\/\/api.w.org\/{rel}","templated":true}]}}