{"id":1938,"date":"2026-05-05T23:44:49","date_gmt":"2026-05-05T23:44:49","guid":{"rendered":"https:\/\/michelloutletshopping.com\/product\/dlhe-minimalisticke-saty\/"},"modified":"2026-05-05T23:44:49","modified_gmt":"2026-05-05T23:44:49","slug":"dlhe-minimalisticke-saty","status":"publish","type":"product","link":"https:\/\/michelloutletshopping.com\/sk\/produkt\/dlhe-minimalisticke-saty\/","title":{"rendered":"Dlh\u00e9 minimalistick\u00e9 \u0161aty"},"content":{"rendered":"<p class=\"p1\">Dlh\u00e9 minimalistick\u00e9 \u0161aty s \u010dist\u00fdm a elegantn\u00fdm dizajnom.<\/p>\n<p class=\"p1\">Vo\u013en\u00fd strih kr\u00e1sne spl\u00fdva a poskytuje pohodlie po\u010das cel\u00e9ho d\u0148a. Jednoduch\u00e9 prevedenie bez ruk\u00e1vov rob\u00ed tieto \u0161aty ve\u013emi univerz\u00e1lnymi.<\/p>\n<p class=\"p2\">Perfektn\u00e9 k tenisk\u00e1m aj elegantn\u00fdm doplnkom.<\/p>\n","protected":false},"excerpt":{"rendered":"<p class=\"p1\">Dlh\u00e9 minimalistick\u00e9 \u0161aty bez ruk\u00e1vov.<\/p>\n","protected":false},"featured_media":1936,"comment_status":"open","ping_status":"closed","template":"","meta":[],"product_brand":[],"product_cat":[73],"product_tag":[],"class_list":{"0":"post-1938","1":"product","2":"type-product","3":"status-publish","4":"has-post-thumbnail","6":"product_cat-saty","8":"first","9":"instock","10":"taxable","11":"shipping-taxable","12":"purchasable","13":"product-type-simple"},"jetpack_sharing_enabled":true,"_links":{"self":[{"href":"https:\/\/michelloutletshopping.com\/sk\/wp-json\/wp\/v2\/product\/1938","targetHints":{"allow":["GET"]}}],"collection":[{"href":"https:\/\/michelloutletshopping.com\/sk\/wp-json\/wp\/v2\/product"}],"about":[{"href":"https:\/\/michelloutletshopping.com\/sk\/wp-json\/wp\/v2\/types\/product"}],"replies":[{"embeddable":true,"href":"https:\/\/michelloutletshopping.com\/sk\/wp-json\/wp\/v2\/comments?post=1938"}],"wp:featuredmedia":[{"embeddable":true,"href":"https:\/\/michelloutletshopping.com\/sk\/wp-json\/wp\/v2\/media\/1936"}],"wp:attachment":[{"href":"https:\/\/michelloutletshopping.com\/sk\/wp-json\/wp\/v2\/media?parent=1938"}],"wp:term":[{"taxonomy":"product_brand","embeddable":true,"href":"https:\/\/michelloutletshopping.com\/sk\/wp-json\/wp\/v2\/product_brand?post=1938"},{"taxonomy":"product_cat","embeddable":true,"href":"https:\/\/michelloutletshopping.com\/sk\/wp-json\/wp\/v2\/product_cat?post=1938"},{"taxonomy":"product_tag","embeddable":true,"href":"https:\/\/michelloutletshopping.com\/sk\/wp-json\/wp\/v2\/product_tag?post=1938"}],"curies":[{"name":"wp","href":"https:\/\/api.w.org\/{rel}","templated":true}]}}