{"id":1944,"date":"2026-05-05T23:57:06","date_gmt":"2026-05-05T23:57:06","guid":{"rendered":"https:\/\/michelloutletshopping.com\/product\/shirt-dress-with-front-tie\/"},"modified":"2026-05-05T23:57:06","modified_gmt":"2026-05-05T23:57:06","slug":"shirt-dress-with-front-tie","status":"publish","type":"product","link":"https:\/\/michelloutletshopping.com\/sk\/produkt\/shirt-dress-with-front-tie\/","title":{"rendered":"Shirt Dress with Front Tie"},"content":{"rendered":"<p class=\"p1\">Modern\u00e9 ko\u0161e\u013eov\u00e9 \u0161aty so \u017eensk\u00fdm strihom, klasick\u00fdm golierom, nastavite\u013en\u00fdmi ruk\u00e1vmi a viazan\u00edm vpredu, ktor\u00e9 zv\u00fdraz\u0148uje p\u00e1s Spl\u00fdvav\u00e1 l\u00ednia jemne kop\u00edruje postavu a vytv\u00e1ra elegantn\u00fd, ale praktick\u00fd vzh\u013ead.<\/p>\n<p class=\"p1\">Ide\u00e1lne na le\u017e\u00e9rne elegantn\u00e9 outfity, be\u017en\u00e9 dni aj upravenej\u0161ie pr\u00edle\u017eitosti. \u013dahko sa uprav\u00ed so sand\u00e1lmi, podp\u00e4tkami alebo teniskami.<\/p>\n","protected":false},"excerpt":{"rendered":"<p class=\"p1\">Elegantn\u00e9 ko\u0161e\u013eov\u00e9 \u0161aty s viazan\u00edm vpredu.<\/p>\n","protected":false},"featured_media":1942,"comment_status":"open","ping_status":"closed","template":"","meta":[],"product_brand":[],"product_cat":[75],"product_tag":[],"class_list":{"0":"post-1944","1":"product","2":"type-product","3":"status-publish","4":"has-post-thumbnail","6":"product_cat-saty-2","8":"first","9":"instock","10":"taxable","11":"shipping-taxable","12":"purchasable","13":"product-type-simple"},"jetpack_sharing_enabled":true,"_links":{"self":[{"href":"https:\/\/michelloutletshopping.com\/sk\/wp-json\/wp\/v2\/product\/1944","targetHints":{"allow":["GET"]}}],"collection":[{"href":"https:\/\/michelloutletshopping.com\/sk\/wp-json\/wp\/v2\/product"}],"about":[{"href":"https:\/\/michelloutletshopping.com\/sk\/wp-json\/wp\/v2\/types\/product"}],"replies":[{"embeddable":true,"href":"https:\/\/michelloutletshopping.com\/sk\/wp-json\/wp\/v2\/comments?post=1944"}],"wp:featuredmedia":[{"embeddable":true,"href":"https:\/\/michelloutletshopping.com\/sk\/wp-json\/wp\/v2\/media\/1942"}],"wp:attachment":[{"href":"https:\/\/michelloutletshopping.com\/sk\/wp-json\/wp\/v2\/media?parent=1944"}],"wp:term":[{"taxonomy":"product_brand","embeddable":true,"href":"https:\/\/michelloutletshopping.com\/sk\/wp-json\/wp\/v2\/product_brand?post=1944"},{"taxonomy":"product_cat","embeddable":true,"href":"https:\/\/michelloutletshopping.com\/sk\/wp-json\/wp\/v2\/product_cat?post=1944"},{"taxonomy":"product_tag","embeddable":true,"href":"https:\/\/michelloutletshopping.com\/sk\/wp-json\/wp\/v2\/product_tag?post=1944"}],"curies":[{"name":"wp","href":"https:\/\/api.w.org\/{rel}","templated":true}]}}