{"id":1996,"date":"2026-05-06T15:13:55","date_gmt":"2026-05-06T15:13:55","guid":{"rendered":"https:\/\/michelloutletshopping.com\/product\/siroke-nohavice-s-efektom-lanu-s-opaskom\/"},"modified":"2026-05-06T15:13:55","modified_gmt":"2026-05-06T15:13:55","slug":"siroke-nohavice-s-efektom-lanu-s-opaskom","status":"publish","type":"product","link":"https:\/\/michelloutletshopping.com\/sk\/produkt\/siroke-nohavice-s-efektom-lanu-s-opaskom\/","title":{"rendered":"\u0160irok\u00e9 nohavice s efektom \u013eanu s opaskom"},"content":{"rendered":"<p>\u0160irok\u00e9 nohavice z \u013eahk\u00e9ho materi\u00e1lu s efektom \u013eanu, ide\u00e1lne na tepl\u00e9 dni a pohodln\u00e9 nosenie.<\/p>\n<p>Vo\u013en\u00fd strih opticky predl\u017euje postavu a elastick\u00fd p\u00e1s zabezpe\u010duje komfort. pasok s dekorat\u00edvnou \u0161atkou dod\u00e1va outfitu origin\u00e1lny a elegantn\u00fd vzh\u013ead.<\/p>\n<p>Perfektn\u00e9 na leto, dovolenku aj ka\u017edodenn\u00e9 nosenie.<\/p>\n","protected":false},"excerpt":{"rendered":"<p>\u013dahk\u00e9 \u0161irok\u00e9 nohavice s efektom \u013eanu, elastick\u00fdm p\u00e1som a ozdobn\u00fdm opaskom, ide\u00e1lne na leto<\/p>\n","protected":false},"featured_media":1985,"comment_status":"open","ping_status":"closed","template":"","meta":[],"product_brand":[],"product_cat":[84],"product_tag":[],"class_list":{"0":"post-1996","1":"product","2":"type-product","3":"status-publish","4":"has-post-thumbnail","6":"product_cat-nohavice-2","8":"first","9":"instock","10":"taxable","11":"shipping-taxable","12":"purchasable","13":"product-type-simple"},"jetpack_sharing_enabled":true,"_links":{"self":[{"href":"https:\/\/michelloutletshopping.com\/sk\/wp-json\/wp\/v2\/product\/1996","targetHints":{"allow":["GET"]}}],"collection":[{"href":"https:\/\/michelloutletshopping.com\/sk\/wp-json\/wp\/v2\/product"}],"about":[{"href":"https:\/\/michelloutletshopping.com\/sk\/wp-json\/wp\/v2\/types\/product"}],"replies":[{"embeddable":true,"href":"https:\/\/michelloutletshopping.com\/sk\/wp-json\/wp\/v2\/comments?post=1996"}],"wp:featuredmedia":[{"embeddable":true,"href":"https:\/\/michelloutletshopping.com\/sk\/wp-json\/wp\/v2\/media\/1985"}],"wp:attachment":[{"href":"https:\/\/michelloutletshopping.com\/sk\/wp-json\/wp\/v2\/media?parent=1996"}],"wp:term":[{"taxonomy":"product_brand","embeddable":true,"href":"https:\/\/michelloutletshopping.com\/sk\/wp-json\/wp\/v2\/product_brand?post=1996"},{"taxonomy":"product_cat","embeddable":true,"href":"https:\/\/michelloutletshopping.com\/sk\/wp-json\/wp\/v2\/product_cat?post=1996"},{"taxonomy":"product_tag","embeddable":true,"href":"https:\/\/michelloutletshopping.com\/sk\/wp-json\/wp\/v2\/product_tag?post=1996"}],"curies":[{"name":"wp","href":"https:\/\/api.w.org\/{rel}","templated":true}]}}