{"id":2019,"date":"2026-05-06T15:42:05","date_gmt":"2026-05-06T15:42:05","guid":{"rendered":"https:\/\/michelloutletshopping.com\/product\/nohavice-s-tropickym-vzorom-gold-s-opaskom\/"},"modified":"2026-05-06T15:42:05","modified_gmt":"2026-05-06T15:42:05","slug":"nohavice-s-tropickym-vzorom-gold-s-opaskom","status":"publish","type":"product","link":"https:\/\/michelloutletshopping.com\/sk\/produkt\/nohavice-s-tropickym-vzorom-gold-s-opaskom\/","title":{"rendered":"Nohavice s tropick\u00fdm vzorom gold s opaskom"},"content":{"rendered":"<p>Dlh\u00e9 nohavice s tropick\u00fdm vzorom v zlat\u00fdch t\u00f3noch, ide\u00e1lne na \u0161t\u00fdlov\u00e9 letn\u00e9 outfity.<\/p>\n<p>Vo\u013enej\u0161\u00ed, mierne z\u00fa\u017een\u00fd strih zabezpe\u010duje pohodlie a elastick\u00fd p\u00e1s sa prisp\u00f4sob\u00ed postave. Opasok zv\u00fdraz\u0148uje p\u00e1s a dod\u00e1va elegantn\u00fd vzh\u013ead. <\/p>\n<p>Perfektn\u00e9 ako zahalenej\u0161ia alternat\u00edva ku kra\u0165asom.<\/p>\n","protected":false},"excerpt":{"rendered":"<p>Nohavice s tropick\u00fdm vzorom, elastick\u00fdm p\u00e1som a opaskom, ide\u00e1lne na leto.<\/p>\n","protected":false},"featured_media":2015,"comment_status":"open","ping_status":"closed","template":"","meta":[],"product_brand":[],"product_cat":[84],"product_tag":[],"class_list":{"0":"post-2019","1":"product","2":"type-product","3":"status-publish","4":"has-post-thumbnail","6":"product_cat-nohavice-2","8":"first","9":"instock","10":"taxable","11":"shipping-taxable","12":"purchasable","13":"product-type-simple"},"jetpack_sharing_enabled":true,"_links":{"self":[{"href":"https:\/\/michelloutletshopping.com\/sk\/wp-json\/wp\/v2\/product\/2019","targetHints":{"allow":["GET"]}}],"collection":[{"href":"https:\/\/michelloutletshopping.com\/sk\/wp-json\/wp\/v2\/product"}],"about":[{"href":"https:\/\/michelloutletshopping.com\/sk\/wp-json\/wp\/v2\/types\/product"}],"replies":[{"embeddable":true,"href":"https:\/\/michelloutletshopping.com\/sk\/wp-json\/wp\/v2\/comments?post=2019"}],"wp:featuredmedia":[{"embeddable":true,"href":"https:\/\/michelloutletshopping.com\/sk\/wp-json\/wp\/v2\/media\/2015"}],"wp:attachment":[{"href":"https:\/\/michelloutletshopping.com\/sk\/wp-json\/wp\/v2\/media?parent=2019"}],"wp:term":[{"taxonomy":"product_brand","embeddable":true,"href":"https:\/\/michelloutletshopping.com\/sk\/wp-json\/wp\/v2\/product_brand?post=2019"},{"taxonomy":"product_cat","embeddable":true,"href":"https:\/\/michelloutletshopping.com\/sk\/wp-json\/wp\/v2\/product_cat?post=2019"},{"taxonomy":"product_tag","embeddable":true,"href":"https:\/\/michelloutletshopping.com\/sk\/wp-json\/wp\/v2\/product_tag?post=2019"}],"curies":[{"name":"wp","href":"https:\/\/api.w.org\/{rel}","templated":true}]}}