{"id":2024,"date":"2026-05-06T15:48:17","date_gmt":"2026-05-06T15:48:17","guid":{"rendered":"https:\/\/michelloutletshopping.com\/product\/dlhe-leopardie-saty-na-tenke-ramienka\/"},"modified":"2026-05-06T15:59:03","modified_gmt":"2026-05-06T15:59:03","slug":"dlhe-leopardie-saty-na-tenke-ramienka","status":"publish","type":"product","link":"https:\/\/michelloutletshopping.com\/sk\/produkt\/dlhe-leopardie-saty-na-tenke-ramienka\/","title":{"rendered":"Dlh\u00e9 leopardie \u0161aty na tenk\u00e9 ramienka"},"content":{"rendered":"<p>Dlh\u00e9 \u0161aty s leopard\u00edm vzorom, ide\u00e1lne pre v\u00fdrazn\u00fd a \u017eensk\u00fd look.<\/p>\n<p>Vo\u013en\u00fd, spl\u00fdvav\u00fd strih zabezpe\u010duje pohodlie a neobop\u00edna postavu. Tenk\u00e9 ramienka a jemn\u00fd v\u00fdstrih zv\u00fdraznia horn\u00fa \u010das\u0165 tela. <\/p>\n<p>Perfektn\u00e9 na de\u0148 aj ve\u010der.<\/p>\n","protected":false},"excerpt":{"rendered":"<p>Dlh\u00e9 spl\u00fdvav\u00e9 leopardie \u0161aty na ramienka, ide\u00e1lne na de\u0148 aj ve\u010der.<\/p>\n","protected":false},"featured_media":2023,"comment_status":"open","ping_status":"closed","template":"","meta":[],"product_brand":[],"product_cat":[75],"product_tag":[],"class_list":{"0":"post-2024","1":"product","2":"type-product","3":"status-publish","4":"has-post-thumbnail","6":"product_cat-saty-2","8":"first","9":"instock","10":"taxable","11":"shipping-taxable","12":"purchasable","13":"product-type-simple"},"jetpack_sharing_enabled":true,"_links":{"self":[{"href":"https:\/\/michelloutletshopping.com\/sk\/wp-json\/wp\/v2\/product\/2024","targetHints":{"allow":["GET"]}}],"collection":[{"href":"https:\/\/michelloutletshopping.com\/sk\/wp-json\/wp\/v2\/product"}],"about":[{"href":"https:\/\/michelloutletshopping.com\/sk\/wp-json\/wp\/v2\/types\/product"}],"replies":[{"embeddable":true,"href":"https:\/\/michelloutletshopping.com\/sk\/wp-json\/wp\/v2\/comments?post=2024"}],"wp:featuredmedia":[{"embeddable":true,"href":"https:\/\/michelloutletshopping.com\/sk\/wp-json\/wp\/v2\/media\/2023"}],"wp:attachment":[{"href":"https:\/\/michelloutletshopping.com\/sk\/wp-json\/wp\/v2\/media?parent=2024"}],"wp:term":[{"taxonomy":"product_brand","embeddable":true,"href":"https:\/\/michelloutletshopping.com\/sk\/wp-json\/wp\/v2\/product_brand?post=2024"},{"taxonomy":"product_cat","embeddable":true,"href":"https:\/\/michelloutletshopping.com\/sk\/wp-json\/wp\/v2\/product_cat?post=2024"},{"taxonomy":"product_tag","embeddable":true,"href":"https:\/\/michelloutletshopping.com\/sk\/wp-json\/wp\/v2\/product_tag?post=2024"}],"curies":[{"name":"wp","href":"https:\/\/api.w.org\/{rel}","templated":true}]}}