{"id":2047,"date":"2026-05-06T16:24:22","date_gmt":"2026-05-06T16:24:22","guid":{"rendered":"https:\/\/michelloutletshopping.com\/product\/siroke-nohavice-s-opaskom-do-pasa\/"},"modified":"2026-05-06T16:24:22","modified_gmt":"2026-05-06T16:24:22","slug":"siroke-nohavice-s-opaskom-do-pasa","status":"publish","type":"product","link":"https:\/\/michelloutletshopping.com\/sk\/produkt\/siroke-nohavice-s-opaskom-do-pasa\/","title":{"rendered":"\u0160irok\u00e9 nohavice s opaskom do p\u00e1sa"},"content":{"rendered":"<p>\u0160irok\u00e9 nohavice s elegantn\u00fdm modern\u00fdm strihom.<\/p>\n<p>Opasok zv\u00fdraz\u0148uje p\u00e1s a vytv\u00e1ra pekn\u00fa siluetu. Vo\u013en\u00e9 nohavice zaru\u010duj\u00fa pohodlie a vo\u013enos\u0165 pohybu.<\/p>\n<p>Ide\u00e1lne na be\u017en\u00e9 aj elegantnej\u0161ie outfity.<\/p>\n","protected":false},"excerpt":{"rendered":"<p>\u0160irok\u00e9 nohavice s opaskom, ktor\u00e9 zv\u00fdraz\u0148uj\u00fa p\u00e1s.<\/p>\n","protected":false},"featured_media":2040,"comment_status":"open","ping_status":"closed","template":"","meta":[],"product_brand":[],"product_cat":[84],"product_tag":[],"class_list":{"0":"post-2047","1":"product","2":"type-product","3":"status-publish","4":"has-post-thumbnail","6":"product_cat-nohavice-2","8":"first","9":"instock","10":"taxable","11":"shipping-taxable","12":"purchasable","13":"product-type-variable"},"jetpack_sharing_enabled":true,"_links":{"self":[{"href":"https:\/\/michelloutletshopping.com\/sk\/wp-json\/wp\/v2\/product\/2047","targetHints":{"allow":["GET"]}}],"collection":[{"href":"https:\/\/michelloutletshopping.com\/sk\/wp-json\/wp\/v2\/product"}],"about":[{"href":"https:\/\/michelloutletshopping.com\/sk\/wp-json\/wp\/v2\/types\/product"}],"replies":[{"embeddable":true,"href":"https:\/\/michelloutletshopping.com\/sk\/wp-json\/wp\/v2\/comments?post=2047"}],"wp:featuredmedia":[{"embeddable":true,"href":"https:\/\/michelloutletshopping.com\/sk\/wp-json\/wp\/v2\/media\/2040"}],"wp:attachment":[{"href":"https:\/\/michelloutletshopping.com\/sk\/wp-json\/wp\/v2\/media?parent=2047"}],"wp:term":[{"taxonomy":"product_brand","embeddable":true,"href":"https:\/\/michelloutletshopping.com\/sk\/wp-json\/wp\/v2\/product_brand?post=2047"},{"taxonomy":"product_cat","embeddable":true,"href":"https:\/\/michelloutletshopping.com\/sk\/wp-json\/wp\/v2\/product_cat?post=2047"},{"taxonomy":"product_tag","embeddable":true,"href":"https:\/\/michelloutletshopping.com\/sk\/wp-json\/wp\/v2\/product_tag?post=2047"}],"curies":[{"name":"wp","href":"https:\/\/api.w.org\/{rel}","templated":true}]}}