{"id":2061,"date":"2026-05-06T16:35:03","date_gmt":"2026-05-06T16:35:03","guid":{"rendered":"https:\/\/michelloutletshopping.com\/product\/dlhe-saty-s-riasenim-a-ozdobnym-detailom\/"},"modified":"2026-05-06T16:35:03","modified_gmt":"2026-05-06T16:35:03","slug":"dlhe-saty-s-riasenim-a-ozdobnym-detailom","status":"publish","type":"product","link":"https:\/\/michelloutletshopping.com\/sk\/produkt\/dlhe-saty-s-riasenim-a-ozdobnym-detailom\/","title":{"rendered":"Dlh\u00e9 \u0161aty s riasen\u00edm a ozdobn\u00fdm detailom"},"content":{"rendered":"<p>Elegantn\u00e9 dlh\u00e9 \u0161aty, ktor\u00e9 zv\u00fdraz\u0148uj\u00fa postavu a opticky ju zo\u0161t\u00edh\u013euj\u00fa.<\/p>\n<p>Riasenie na boku zv\u00fdraz\u0148uje p\u00e1s a dod\u00e1va pohyb, ozdobn\u00fd detail prid\u00e1va luxusn\u00fd vzh\u013ead. <\/p>\n<p>Ide\u00e1lne na spolo\u010densk\u00e9 udalosti aj ve\u010dern\u00e9 outfity.<\/p>\n","protected":false},"excerpt":{"rendered":"<p>Dlh\u00e9 \u0161aty s riasen\u00edm a zo\u0161t\u00edh\u013euj\u00facim efektom.<\/p>\n","protected":false},"featured_media":2057,"comment_status":"open","ping_status":"closed","template":"","meta":[],"product_brand":[],"product_cat":[75],"product_tag":[],"class_list":{"0":"post-2061","1":"product","2":"type-product","3":"status-publish","4":"has-post-thumbnail","6":"product_cat-saty-2","8":"first","9":"instock","10":"taxable","11":"shipping-taxable","12":"purchasable","13":"product-type-variable"},"jetpack_sharing_enabled":true,"_links":{"self":[{"href":"https:\/\/michelloutletshopping.com\/sk\/wp-json\/wp\/v2\/product\/2061","targetHints":{"allow":["GET"]}}],"collection":[{"href":"https:\/\/michelloutletshopping.com\/sk\/wp-json\/wp\/v2\/product"}],"about":[{"href":"https:\/\/michelloutletshopping.com\/sk\/wp-json\/wp\/v2\/types\/product"}],"replies":[{"embeddable":true,"href":"https:\/\/michelloutletshopping.com\/sk\/wp-json\/wp\/v2\/comments?post=2061"}],"wp:featuredmedia":[{"embeddable":true,"href":"https:\/\/michelloutletshopping.com\/sk\/wp-json\/wp\/v2\/media\/2057"}],"wp:attachment":[{"href":"https:\/\/michelloutletshopping.com\/sk\/wp-json\/wp\/v2\/media?parent=2061"}],"wp:term":[{"taxonomy":"product_brand","embeddable":true,"href":"https:\/\/michelloutletshopping.com\/sk\/wp-json\/wp\/v2\/product_brand?post=2061"},{"taxonomy":"product_cat","embeddable":true,"href":"https:\/\/michelloutletshopping.com\/sk\/wp-json\/wp\/v2\/product_cat?post=2061"},{"taxonomy":"product_tag","embeddable":true,"href":"https:\/\/michelloutletshopping.com\/sk\/wp-json\/wp\/v2\/product_tag?post=2061"}],"curies":[{"name":"wp","href":"https:\/\/api.w.org\/{rel}","templated":true}]}}