{"id":2070,"date":"2026-05-06T16:43:33","date_gmt":"2026-05-06T16:43:33","guid":{"rendered":"https:\/\/michelloutletshopping.com\/product\/dlhe-splyvave-saty-s-vystrihom-do-v\/"},"modified":"2026-05-06T16:43:33","modified_gmt":"2026-05-06T16:43:33","slug":"dlhe-splyvave-saty-s-vystrihom-do-v","status":"publish","type":"product","link":"https:\/\/michelloutletshopping.com\/sk\/produkt\/dlhe-splyvave-saty-s-vystrihom-do-v\/","title":{"rendered":"Dlh\u00e9 spl\u00fdvav\u00e9 \u0161aty s v\u00fdstrihom do V"},"content":{"rendered":"<p>Dlh\u00e9 spl\u00fdvav\u00e9 \u0161aty ide\u00e1lne pre pohodlie a \u017eensk\u00fd vzh\u013ead.<\/p>\n<p>V\u00fdstrih do V zv\u00fdraz\u0148uje dekolt, jemne riasen\u00fd p\u00e1s vytv\u00e1ra pekn\u00fa siluetu bez obopnutia. Vo\u013en\u00e1 suk\u0148a dod\u00e1va \u013eahkos\u0165 a pohyb. <\/p>\n<p>Perfektn\u00e9 na ka\u017edodenn\u00e9 nosenie aj letn\u00e9 outfity.<\/p>\n","protected":false},"excerpt":{"rendered":"<p>Spl\u00fdvav\u00e9 \u0161aty s v\u00fdstrihom do V a pohodln\u00fdm strihom.<\/p>\n","protected":false},"featured_media":2069,"comment_status":"open","ping_status":"closed","template":"","meta":[],"product_brand":[],"product_cat":[75],"product_tag":[],"class_list":{"0":"post-2070","1":"product","2":"type-product","3":"status-publish","4":"has-post-thumbnail","6":"product_cat-saty-2","8":"first","9":"instock","10":"taxable","11":"shipping-taxable","12":"purchasable","13":"product-type-simple"},"jetpack_sharing_enabled":true,"_links":{"self":[{"href":"https:\/\/michelloutletshopping.com\/sk\/wp-json\/wp\/v2\/product\/2070","targetHints":{"allow":["GET"]}}],"collection":[{"href":"https:\/\/michelloutletshopping.com\/sk\/wp-json\/wp\/v2\/product"}],"about":[{"href":"https:\/\/michelloutletshopping.com\/sk\/wp-json\/wp\/v2\/types\/product"}],"replies":[{"embeddable":true,"href":"https:\/\/michelloutletshopping.com\/sk\/wp-json\/wp\/v2\/comments?post=2070"}],"wp:featuredmedia":[{"embeddable":true,"href":"https:\/\/michelloutletshopping.com\/sk\/wp-json\/wp\/v2\/media\/2069"}],"wp:attachment":[{"href":"https:\/\/michelloutletshopping.com\/sk\/wp-json\/wp\/v2\/media?parent=2070"}],"wp:term":[{"taxonomy":"product_brand","embeddable":true,"href":"https:\/\/michelloutletshopping.com\/sk\/wp-json\/wp\/v2\/product_brand?post=2070"},{"taxonomy":"product_cat","embeddable":true,"href":"https:\/\/michelloutletshopping.com\/sk\/wp-json\/wp\/v2\/product_cat?post=2070"},{"taxonomy":"product_tag","embeddable":true,"href":"https:\/\/michelloutletshopping.com\/sk\/wp-json\/wp\/v2\/product_tag?post=2070"}],"curies":[{"name":"wp","href":"https:\/\/api.w.org\/{rel}","templated":true}]}}