{"id":2076,"date":"2026-05-06T16:53:17","date_gmt":"2026-05-06T16:53:17","guid":{"rendered":"https:\/\/michelloutletshopping.com\/product\/dlha-kosela-s-umeleckou-potlacou\/"},"modified":"2026-05-06T16:53:17","modified_gmt":"2026-05-06T16:53:17","slug":"dlha-kosela-s-umeleckou-potlacou","status":"publish","type":"product","link":"https:\/\/michelloutletshopping.com\/sk\/produkt\/dlha-kosela-s-umeleckou-potlacou\/","title":{"rendered":"Dlh\u00e1 ko\u0161e\u013ea s umeleckou potla\u010dou"},"content":{"rendered":"<p>Dlh\u00e1 ko\u0161e\u013ea s vo\u013en\u00fdm modern\u00fdm strihom.<\/p>\n<p>Farebn\u00e1 umeleck\u00e1 potla\u010d dod\u00e1va origin\u00e1lny a letn\u00fd vzh\u013ead in\u0161pirovan\u00fd Stredomor\u00edm. Vo\u013en\u00fd strih je pohodln\u00fd a neobop\u00edna postavu. <\/p>\n<p>Mo\u017eno nosi\u0165 ako ko\u0161e\u013eu alebo mini \u0161aty.<\/p>\n","protected":false},"excerpt":{"rendered":"<p>Dlh\u00e1 ko\u0161e\u013ea s farebnou potla\u010dou a vo\u013en\u00fdm strihom.<\/p>\n","protected":false},"featured_media":2074,"comment_status":"open","ping_status":"closed","template":"","meta":[],"product_brand":[],"product_cat":[89],"product_tag":[],"class_list":{"0":"post-2076","1":"product","2":"type-product","3":"status-publish","4":"has-post-thumbnail","6":"product_cat-kosela","8":"first","9":"instock","10":"taxable","11":"shipping-taxable","12":"purchasable","13":"product-type-simple"},"jetpack_sharing_enabled":true,"_links":{"self":[{"href":"https:\/\/michelloutletshopping.com\/sk\/wp-json\/wp\/v2\/product\/2076","targetHints":{"allow":["GET"]}}],"collection":[{"href":"https:\/\/michelloutletshopping.com\/sk\/wp-json\/wp\/v2\/product"}],"about":[{"href":"https:\/\/michelloutletshopping.com\/sk\/wp-json\/wp\/v2\/types\/product"}],"replies":[{"embeddable":true,"href":"https:\/\/michelloutletshopping.com\/sk\/wp-json\/wp\/v2\/comments?post=2076"}],"wp:featuredmedia":[{"embeddable":true,"href":"https:\/\/michelloutletshopping.com\/sk\/wp-json\/wp\/v2\/media\/2074"}],"wp:attachment":[{"href":"https:\/\/michelloutletshopping.com\/sk\/wp-json\/wp\/v2\/media?parent=2076"}],"wp:term":[{"taxonomy":"product_brand","embeddable":true,"href":"https:\/\/michelloutletshopping.com\/sk\/wp-json\/wp\/v2\/product_brand?post=2076"},{"taxonomy":"product_cat","embeddable":true,"href":"https:\/\/michelloutletshopping.com\/sk\/wp-json\/wp\/v2\/product_cat?post=2076"},{"taxonomy":"product_tag","embeddable":true,"href":"https:\/\/michelloutletshopping.com\/sk\/wp-json\/wp\/v2\/product_tag?post=2076"}],"curies":[{"name":"wp","href":"https:\/\/api.w.org\/{rel}","templated":true}]}}