{"id":2083,"date":"2026-05-06T17:00:16","date_gmt":"2026-05-06T17:00:16","guid":{"rendered":"https:\/\/michelloutletshopping.com\/product\/top-s-cipkovanymi-volanmi\/"},"modified":"2026-05-06T17:00:16","modified_gmt":"2026-05-06T17:00:16","slug":"top-s-cipkovanymi-volanmi","status":"publish","type":"product","link":"https:\/\/michelloutletshopping.com\/sk\/produkt\/top-s-cipkovanymi-volanmi\/","title":{"rendered":"Top s \u010dipkovan\u00fdmi vol\u00e1nmi"},"content":{"rendered":"<p>Jednoduch\u00fd top doplnen\u00fd elegantn\u00fdmi \u010dipkovan\u00fdmi vol\u00e1nmi na ramen\u00e1ch.<\/p>\n<p>Vo\u013en\u00fd strih zaru\u010duje pohodlie, \u010dipkov\u00e9 detaily dod\u00e1vaj\u00fa \u017eenskos\u0165 a \u0161t\u00fdl. Ide\u00e1lny na ka\u017edodenn\u00e9 aj elegantnej\u0161ie outfity. <\/p>\n<p>Univerz\u00e1lny a \u0161t\u00fdlov\u00fd k\u00fasok.<\/p>\n","protected":false},"excerpt":{"rendered":"<p>Jednoduch\u00fd top s \u010dipkovan\u00fdmi vol\u00e1nmi.<\/p>\n","protected":false},"featured_media":2081,"comment_status":"open","ping_status":"closed","template":"","meta":[],"product_brand":[],"product_cat":[68],"product_tag":[],"class_list":{"0":"post-2083","1":"product","2":"type-product","3":"status-publish","4":"has-post-thumbnail","6":"product_cat-tricko","8":"first","9":"instock","10":"taxable","11":"shipping-taxable","12":"purchasable","13":"product-type-simple"},"jetpack_sharing_enabled":true,"_links":{"self":[{"href":"https:\/\/michelloutletshopping.com\/sk\/wp-json\/wp\/v2\/product\/2083","targetHints":{"allow":["GET"]}}],"collection":[{"href":"https:\/\/michelloutletshopping.com\/sk\/wp-json\/wp\/v2\/product"}],"about":[{"href":"https:\/\/michelloutletshopping.com\/sk\/wp-json\/wp\/v2\/types\/product"}],"replies":[{"embeddable":true,"href":"https:\/\/michelloutletshopping.com\/sk\/wp-json\/wp\/v2\/comments?post=2083"}],"wp:featuredmedia":[{"embeddable":true,"href":"https:\/\/michelloutletshopping.com\/sk\/wp-json\/wp\/v2\/media\/2081"}],"wp:attachment":[{"href":"https:\/\/michelloutletshopping.com\/sk\/wp-json\/wp\/v2\/media?parent=2083"}],"wp:term":[{"taxonomy":"product_brand","embeddable":true,"href":"https:\/\/michelloutletshopping.com\/sk\/wp-json\/wp\/v2\/product_brand?post=2083"},{"taxonomy":"product_cat","embeddable":true,"href":"https:\/\/michelloutletshopping.com\/sk\/wp-json\/wp\/v2\/product_cat?post=2083"},{"taxonomy":"product_tag","embeddable":true,"href":"https:\/\/michelloutletshopping.com\/sk\/wp-json\/wp\/v2\/product_tag?post=2083"}],"curies":[{"name":"wp","href":"https:\/\/api.w.org\/{rel}","templated":true}]}}