{"id":2090,"date":"2026-05-06T17:20:33","date_gmt":"2026-05-06T17:20:33","guid":{"rendered":"https:\/\/michelloutletshopping.com\/product\/saty-s-vystrihom-a-uzlom-na-chrbte\/"},"modified":"2026-05-06T17:20:33","modified_gmt":"2026-05-06T17:20:33","slug":"saty-s-vystrihom-a-uzlom-na-chrbte","status":"publish","type":"product","link":"https:\/\/michelloutletshopping.com\/sk\/produkt\/saty-s-vystrihom-a-uzlom-na-chrbte\/","title":{"rendered":"\u0160aty s v\u00fdstrihom a uzlom na chrbte"},"content":{"rendered":"<p>Dlh\u00e9 \u0161aty s jednoduch\u00fdm predn\u00fdm dielom a v\u00fdrazn\u00fdm zadn\u00fdm detailom.<br \/>\u010cist\u00fd strih zv\u00fdraz\u0148uje postavu, zatia\u013e \u010do zadn\u00e1 \u010das\u0165 s v\u00fdstrihom a uzlom p\u00f4sob\u00ed elegantne a \u017eensky.<br \/>Ide\u00e1lne na ve\u010dern\u00e9 pr\u00edle\u017eitosti.<\/p>\n","protected":false},"excerpt":{"rendered":"<p>Elegantn\u00e9 \u0161aty s v\u00fdstrihom a uzlom na chrbte.<\/p>\n","protected":false},"featured_media":2097,"comment_status":"open","ping_status":"closed","template":"","meta":[],"product_brand":[],"product_cat":[75],"product_tag":[],"class_list":{"0":"post-2090","1":"product","2":"type-product","3":"status-publish","4":"has-post-thumbnail","6":"product_cat-saty-2","8":"first","9":"instock","10":"taxable","11":"shipping-taxable","12":"purchasable","13":"product-type-variable"},"jetpack_sharing_enabled":true,"_links":{"self":[{"href":"https:\/\/michelloutletshopping.com\/sk\/wp-json\/wp\/v2\/product\/2090","targetHints":{"allow":["GET"]}}],"collection":[{"href":"https:\/\/michelloutletshopping.com\/sk\/wp-json\/wp\/v2\/product"}],"about":[{"href":"https:\/\/michelloutletshopping.com\/sk\/wp-json\/wp\/v2\/types\/product"}],"replies":[{"embeddable":true,"href":"https:\/\/michelloutletshopping.com\/sk\/wp-json\/wp\/v2\/comments?post=2090"}],"wp:featuredmedia":[{"embeddable":true,"href":"https:\/\/michelloutletshopping.com\/sk\/wp-json\/wp\/v2\/media\/2097"}],"wp:attachment":[{"href":"https:\/\/michelloutletshopping.com\/sk\/wp-json\/wp\/v2\/media?parent=2090"}],"wp:term":[{"taxonomy":"product_brand","embeddable":true,"href":"https:\/\/michelloutletshopping.com\/sk\/wp-json\/wp\/v2\/product_brand?post=2090"},{"taxonomy":"product_cat","embeddable":true,"href":"https:\/\/michelloutletshopping.com\/sk\/wp-json\/wp\/v2\/product_cat?post=2090"},{"taxonomy":"product_tag","embeddable":true,"href":"https:\/\/michelloutletshopping.com\/sk\/wp-json\/wp\/v2\/product_tag?post=2090"}],"curies":[{"name":"wp","href":"https:\/\/api.w.org\/{rel}","templated":true}]}}