{"id":2110,"date":"2026-05-06T17:30:38","date_gmt":"2026-05-06T17:30:38","guid":{"rendered":"https:\/\/michelloutletshopping.com\/product\/kratke-jednoduche-saty\/"},"modified":"2026-05-06T17:30:38","modified_gmt":"2026-05-06T17:30:38","slug":"kratke-jednoduche-saty","status":"publish","type":"product","link":"https:\/\/michelloutletshopping.com\/sk\/produkt\/kratke-jednoduche-saty\/","title":{"rendered":"Kr\u00e1tke jednoduch\u00e9 \u0161aty"},"content":{"rendered":"<p data-start=\"736\" data-end=\"784\">Kr\u00e1tke \u0161aty s jednoduch\u00fdm a \u010dist\u00fdm dizajnom.<\/p>\n<p data-start=\"786\" data-end=\"913\">Minimalistick\u00fd strih zv\u00fdraz\u0148uje postavu a hod\u00ed sa na denn\u00e9 aj ve\u010dern\u00e9 nosenie.<\/p>\n<p data-start=\"915\" data-end=\"950\">Z\u00e1kladn\u00fd k\u00fasok do ka\u017ed\u00e9ho \u0161atn\u00edka.<\/p>\n","protected":false},"excerpt":{"rendered":"<p>Minimalistick\u00e9 kr\u00e1tke \u0161aty s \u010distou a univerz\u00e1lnou siluetou.<\/p>\n","protected":false},"featured_media":2107,"comment_status":"open","ping_status":"closed","template":"","meta":[],"product_brand":[],"product_cat":[75],"product_tag":[],"class_list":{"0":"post-2110","1":"product","2":"type-product","3":"status-publish","4":"has-post-thumbnail","6":"product_cat-saty-2","8":"first","9":"instock","10":"taxable","11":"shipping-taxable","12":"purchasable","13":"product-type-simple"},"jetpack_sharing_enabled":true,"_links":{"self":[{"href":"https:\/\/michelloutletshopping.com\/sk\/wp-json\/wp\/v2\/product\/2110","targetHints":{"allow":["GET"]}}],"collection":[{"href":"https:\/\/michelloutletshopping.com\/sk\/wp-json\/wp\/v2\/product"}],"about":[{"href":"https:\/\/michelloutletshopping.com\/sk\/wp-json\/wp\/v2\/types\/product"}],"replies":[{"embeddable":true,"href":"https:\/\/michelloutletshopping.com\/sk\/wp-json\/wp\/v2\/comments?post=2110"}],"wp:featuredmedia":[{"embeddable":true,"href":"https:\/\/michelloutletshopping.com\/sk\/wp-json\/wp\/v2\/media\/2107"}],"wp:attachment":[{"href":"https:\/\/michelloutletshopping.com\/sk\/wp-json\/wp\/v2\/media?parent=2110"}],"wp:term":[{"taxonomy":"product_brand","embeddable":true,"href":"https:\/\/michelloutletshopping.com\/sk\/wp-json\/wp\/v2\/product_brand?post=2110"},{"taxonomy":"product_cat","embeddable":true,"href":"https:\/\/michelloutletshopping.com\/sk\/wp-json\/wp\/v2\/product_cat?post=2110"},{"taxonomy":"product_tag","embeddable":true,"href":"https:\/\/michelloutletshopping.com\/sk\/wp-json\/wp\/v2\/product_tag?post=2110"}],"curies":[{"name":"wp","href":"https:\/\/api.w.org\/{rel}","templated":true}]}}