{"id":2152,"date":"2026-05-06T18:21:04","date_gmt":"2026-05-06T18:21:04","guid":{"rendered":"https:\/\/michelloutletshopping.com\/product\/pruhovana-bluzka-s-maslou\/"},"modified":"2026-05-06T18:21:04","modified_gmt":"2026-05-06T18:21:04","slug":"pruhovana-bluzka-s-maslou","status":"publish","type":"product","link":"https:\/\/michelloutletshopping.com\/sk\/produkt\/pruhovana-bluzka-s-maslou\/","title":{"rendered":"Pruhovan\u00e1 bl\u00fazka s ma\u0161\u013eou"},"content":{"rendered":"<p>Elegantn\u00e1 pruhovan\u00e1 bl\u00fazka s v\u00fdraznou ma\u0161\u013eou vpredu, ktor\u00e1 dod\u00e1va \u017eenskos\u0165 a \u0161t\u00fdl.<br \/>Vo\u013enej\u0161\u00ed strih bez ruk\u00e1vov zabezpe\u010duje pohodlie a vo\u013enos\u0165 pohybu, zatia\u013e \u010do detail ma\u0161le vytv\u00e1ra sofistikovan\u00fd vzh\u013ead.<br \/>Ide\u00e1lna na le\u017e\u00e9rne elegantn\u00e9 aj upravenej\u0161ie outfity.<\/p>\n","protected":false},"excerpt":{"rendered":"<p>Pruhovan\u00e1 bl\u00fazka bez ruk\u00e1vov s elegantnou ma\u0161\u013eou, ide\u00e1lna pre \u0161t\u00fdlov\u00e9 outfity.<\/p>\n","protected":false},"featured_media":2155,"comment_status":"open","ping_status":"closed","template":"","meta":[],"product_brand":[],"product_cat":[65],"product_tag":[],"class_list":{"0":"post-2152","1":"product","2":"type-product","3":"status-publish","4":"has-post-thumbnail","6":"product_cat-tielko","8":"first","9":"instock","10":"taxable","11":"shipping-taxable","12":"purchasable","13":"product-type-simple"},"jetpack_sharing_enabled":true,"_links":{"self":[{"href":"https:\/\/michelloutletshopping.com\/sk\/wp-json\/wp\/v2\/product\/2152","targetHints":{"allow":["GET"]}}],"collection":[{"href":"https:\/\/michelloutletshopping.com\/sk\/wp-json\/wp\/v2\/product"}],"about":[{"href":"https:\/\/michelloutletshopping.com\/sk\/wp-json\/wp\/v2\/types\/product"}],"replies":[{"embeddable":true,"href":"https:\/\/michelloutletshopping.com\/sk\/wp-json\/wp\/v2\/comments?post=2152"}],"wp:featuredmedia":[{"embeddable":true,"href":"https:\/\/michelloutletshopping.com\/sk\/wp-json\/wp\/v2\/media\/2155"}],"wp:attachment":[{"href":"https:\/\/michelloutletshopping.com\/sk\/wp-json\/wp\/v2\/media?parent=2152"}],"wp:term":[{"taxonomy":"product_brand","embeddable":true,"href":"https:\/\/michelloutletshopping.com\/sk\/wp-json\/wp\/v2\/product_brand?post=2152"},{"taxonomy":"product_cat","embeddable":true,"href":"https:\/\/michelloutletshopping.com\/sk\/wp-json\/wp\/v2\/product_cat?post=2152"},{"taxonomy":"product_tag","embeddable":true,"href":"https:\/\/michelloutletshopping.com\/sk\/wp-json\/wp\/v2\/product_tag?post=2152"}],"curies":[{"name":"wp","href":"https:\/\/api.w.org\/{rel}","templated":true}]}}