{"id":2194,"date":"2026-05-06T19:45:58","date_gmt":"2026-05-06T19:45:58","guid":{"rendered":"https:\/\/michelloutletshopping.com\/product\/oversize-basic-tricko-cest-la-vie\/"},"modified":"2026-05-06T19:45:58","modified_gmt":"2026-05-06T19:45:58","slug":"oversize-basic-tricko-cest-la-vie","status":"publish","type":"product","link":"https:\/\/michelloutletshopping.com\/sk\/produkt\/oversize-basic-tricko-cest-la-vie\/","title":{"rendered":"Oversize basic tri\u010dko &#8222;C&#8217;est la vie&#8220;"},"content":{"rendered":"<p>Oversize tri\u010dko s vo\u013en\u00fdm a pohodln\u00fdm strihom, ide\u00e1lne na ka\u017edodenn\u00e9 nosenie.<\/p>\n<p>Minimalistick\u00fd dizajn dop\u013a\u0148a mal\u00fd n\u00e1pis na prednej strane, ktor\u00fd dod\u00e1va modern\u00fd vzh\u013ead. \u0160irok\u00e9 ruk\u00e1vy a vo\u013en\u00fd strih zabezpe\u010duj\u00fa maxim\u00e1lne pohodlie. <\/p>\n<p>\u013dahko kombinovate\u013en\u00e9 s d\u017e\u00ednsami, \u0161ortkami alebo leg\u00ednami.<\/p>\n","protected":false},"excerpt":{"rendered":"<p>Oversize tri\u010dko s minimalistick\u00fdm dizajnom, ide\u00e1lne na ka\u017edodenn\u00e9 pohodlie.<\/p>\n","protected":false},"featured_media":2199,"comment_status":"open","ping_status":"closed","template":"","meta":[],"product_brand":[],"product_cat":[98],"product_tag":[99],"class_list":{"0":"post-2194","1":"product","2":"type-product","3":"status-publish","4":"has-post-thumbnail","6":"product_cat-tricko-2","7":"product_tag-tricko","9":"first","10":"instock","11":"taxable","12":"shipping-taxable","13":"purchasable","14":"product-type-variable"},"jetpack_sharing_enabled":true,"_links":{"self":[{"href":"https:\/\/michelloutletshopping.com\/sk\/wp-json\/wp\/v2\/product\/2194","targetHints":{"allow":["GET"]}}],"collection":[{"href":"https:\/\/michelloutletshopping.com\/sk\/wp-json\/wp\/v2\/product"}],"about":[{"href":"https:\/\/michelloutletshopping.com\/sk\/wp-json\/wp\/v2\/types\/product"}],"replies":[{"embeddable":true,"href":"https:\/\/michelloutletshopping.com\/sk\/wp-json\/wp\/v2\/comments?post=2194"}],"wp:featuredmedia":[{"embeddable":true,"href":"https:\/\/michelloutletshopping.com\/sk\/wp-json\/wp\/v2\/media\/2199"}],"wp:attachment":[{"href":"https:\/\/michelloutletshopping.com\/sk\/wp-json\/wp\/v2\/media?parent=2194"}],"wp:term":[{"taxonomy":"product_brand","embeddable":true,"href":"https:\/\/michelloutletshopping.com\/sk\/wp-json\/wp\/v2\/product_brand?post=2194"},{"taxonomy":"product_cat","embeddable":true,"href":"https:\/\/michelloutletshopping.com\/sk\/wp-json\/wp\/v2\/product_cat?post=2194"},{"taxonomy":"product_tag","embeddable":true,"href":"https:\/\/michelloutletshopping.com\/sk\/wp-json\/wp\/v2\/product_tag?post=2194"}],"curies":[{"name":"wp","href":"https:\/\/api.w.org\/{rel}","templated":true}]}}